{"id":14186,"date":"2023-08-16T09:42:23","date_gmt":"2023-08-16T13:42:23","guid":{"rendered":"https:\/\/karatecanada.org\/?page_id=14186"},"modified":"2023-08-16T09:42:47","modified_gmt":"2023-08-16T13:42:47","slug":"equipe-jeux-panamericains-2023","status":"publish","type":"page","link":"https:\/\/karatecanada.org\/fr\/equipe-jeux-panamericains-2023\/","title":{"rendered":"\u00c9quipe Jeux panam\u00e9ricains 2023"},"content":{"rendered":"<div class=\"latest-athletes\">\n    <div class=\"wrapper\">\n        <div class=\"container\">\n\n\t\t\t<div class=\"latest-athletes__top\">\n                <div class=\"latest-athletes__top-filter js-filter-athletes js-filter-cat\" data-filter-cat=\"all\" data-filter-ids=\"11383,13397,13395,7303,7321,13111\" data-state=\"0\">\n                    <a href=\"#\" class=\"latest-athletes__top-button js-filter-athletes-button\">TOUS LES MEMBRES DE L'\u00c9QUIPE<\/a>\n                    <ul class=\"latest-athletes__top-options js-filter-athletes-list\">\n                        <li data-filter-cat=\"all\" data-filter-ids=\"11383,13397,13395,7303,7321,13111\">TOUS LES MEMBRES DE L'\u00c9QUIPE<\/li>\n                                            <\/ul>\n                <\/div>\n            <\/div>\n\n\t\t\t<div class=\"latest-athletes__bottom js-latest-athletes-block js-filter-athletes-block\">\n                        \t<div class=\"latest-athletes__athlete\">\n\t\t\t\t\t<figure class=\"latest-athletes__athlete-image\" style=\"background-image: url('https:\/\/karatecanada.org\/wp-content\/uploads\/2023\/08\/Laos-Loo_Claudia-768x512.jpg');\">\n\t\t\t\t\t\t\t\t\t\t\t\t<a href=\"https:\/\/karatecanada.org\/fr\/claudia-laos-loo\/\" class=\"latest-athletes__athlete-link\"><\/a>\n\t\t\t\t\t\t\t\t\t\t\t<\/figure>\n\t\t\t\t\t<div class=\"latest-athletes__athlete-info\">\n\t\t\t\t\t\t<div class=\"latest-athletes__athlete-category\">\u00e9quipe-senior<\/div>\n\t\t\t\t\t\t<h6 class=\"latest-athletes__athlete-title\">\n\t\t\t\t\t\t\t\t\t\t\t\t\t\t<a href=\"https:\/\/karatecanada.org\/fr\/claudia-laos-loo\/\">\n\t\t\t\t\t\t\t\t\t\t\t\t\t\t\tClaudia Laos-Loo\n\t\t\t\t\t\t\t\t\t\t\t\t\t\t<\/a>\n\t\t\t\t\t\t\t\t\t\t\t\t\t<\/h6>\n\t\t\t\t\t\t<a href=\"https:\/\/karatecanada.org\/fr\/claudia-laos-loo\/\" class=\"latest-athletes__athlete-more\">VOIR LE PROFIL<span class=\"latest-athletes__athlete-more-arrow\"><\/span><\/a>\n\t\t\t\t\t<\/div>\n\t\t\t\t<\/div>\n                        \t<div class=\"latest-athletes__athlete\">\n\t\t\t\t\t<figure class=\"latest-athletes__athlete-image\" style=\"background-image: url('https:\/\/karatecanada.org\/wp-content\/uploads\/2023\/08\/Furumoto-Deshaies_Hana-768x512.jpg');\">\n\t\t\t\t\t\t\t\t\t\t\t\t<a href=\"https:\/\/karatecanada.org\/fr\/hana-furumoto-deshaies\/\" class=\"latest-athletes__athlete-link\"><\/a>\n\t\t\t\t\t\t\t\t\t\t\t<\/figure>\n\t\t\t\t\t<div class=\"latest-athletes__athlete-info\">\n\t\t\t\t\t\t<div class=\"latest-athletes__athlete-category\">\u00c9quipe Championnat panam\u00e9ricain senior<\/div>\n\t\t\t\t\t\t<h6 class=\"latest-athletes__athlete-title\">\n\t\t\t\t\t\t\t\t\t\t\t\t\t\t<a href=\"https:\/\/karatecanada.org\/fr\/hana-furumoto-deshaies\/\">\n\t\t\t\t\t\t\t\t\t\t\t\t\t\t\tHana Furumoto-Deshaies\n\t\t\t\t\t\t\t\t\t\t\t\t\t\t<\/a>\n\t\t\t\t\t\t\t\t\t\t\t\t\t<\/h6>\n\t\t\t\t\t\t<a href=\"https:\/\/karatecanada.org\/fr\/hana-furumoto-deshaies\/\" class=\"latest-athletes__athlete-more\">VOIR LE PROFIL<span class=\"latest-athletes__athlete-more-arrow\"><\/span><\/a>\n\t\t\t\t\t<\/div>\n\t\t\t\t<\/div>\n                        \t<div class=\"latest-athletes__athlete\">\n\t\t\t\t\t<figure class=\"latest-athletes__athlete-image\" style=\"background-image: url('https:\/\/karatecanada.org\/wp-content\/uploads\/2023\/08\/Nolet_Lily-Rose-768x512.jpg');\">\n\t\t\t\t\t\t\t\t\t\t\t\t<a href=\"https:\/\/karatecanada.org\/fr\/lily-rose-nolet\/\" class=\"latest-athletes__athlete-link\"><\/a>\n\t\t\t\t\t\t\t\t\t\t\t<\/figure>\n\t\t\t\t\t<div class=\"latest-athletes__athlete-info\">\n\t\t\t\t\t\t<div class=\"latest-athletes__athlete-category\">\u00c9quipe Championnat panam\u00e9ricain senior<\/div>\n\t\t\t\t\t\t<h6 class=\"latest-athletes__athlete-title\">\n\t\t\t\t\t\t\t\t\t\t\t\t\t\t<a href=\"https:\/\/karatecanada.org\/fr\/lily-rose-nolet\/\">\n\t\t\t\t\t\t\t\t\t\t\t\t\t\t\tLily-Rose Nolet\n\t\t\t\t\t\t\t\t\t\t\t\t\t\t<\/a>\n\t\t\t\t\t\t\t\t\t\t\t\t\t<\/h6>\n\t\t\t\t\t\t<a href=\"https:\/\/karatecanada.org\/fr\/lily-rose-nolet\/\" class=\"latest-athletes__athlete-more\">VOIR LE PROFIL<span class=\"latest-athletes__athlete-more-arrow\"><\/span><\/a>\n\t\t\t\t\t<\/div>\n\t\t\t\t<\/div>\n                        \t<div class=\"latest-athletes__athlete\">\n\t\t\t\t\t<figure class=\"latest-athletes__athlete-image\" style=\"background-image: url('https:\/\/karatecanada.org\/wp-content\/uploads\/2023\/08\/Bratic_Melissa-768x512.jpg');\">\n\t\t\t\t\t\t\t\t\t\t\t\t<a href=\"https:\/\/karatecanada.org\/fr\/melissa-bratic\/\" class=\"latest-athletes__athlete-link\"><\/a>\n\t\t\t\t\t\t\t\t\t\t\t<\/figure>\n\t\t\t\t\t<div class=\"latest-athletes__athlete-info\">\n\t\t\t\t\t\t<div class=\"latest-athletes__athlete-category\">\u00e9quipe-senior<\/div>\n\t\t\t\t\t\t<h6 class=\"latest-athletes__athlete-title\">\n\t\t\t\t\t\t\t\t\t\t\t\t\t\t<a href=\"https:\/\/karatecanada.org\/fr\/melissa-bratic\/\">\n\t\t\t\t\t\t\t\t\t\t\t\t\t\t\tMelissa Bratic\n\t\t\t\t\t\t\t\t\t\t\t\t\t\t<\/a>\n\t\t\t\t\t\t\t\t\t\t\t\t\t<\/h6>\n\t\t\t\t\t\t<a href=\"https:\/\/karatecanada.org\/fr\/melissa-bratic\/\" class=\"latest-athletes__athlete-more\">VOIR LE PROFIL<span class=\"latest-athletes__athlete-more-arrow\"><\/span><\/a>\n\t\t\t\t\t<\/div>\n\t\t\t\t<\/div>\n                        \t<div class=\"latest-athletes__athlete\">\n\t\t\t\t\t<figure class=\"latest-athletes__athlete-image\" style=\"background-image: url('https:\/\/karatecanada.org\/wp-content\/uploads\/2023\/08\/ONeil_Ryan-768x512.jpg');\">\n\t\t\t\t\t\t\t\t\t\t\t\t<a href=\"https:\/\/karatecanada.org\/fr\/ryan-oneil\/\" class=\"latest-athletes__athlete-link\"><\/a>\n\t\t\t\t\t\t\t\t\t\t\t<\/figure>\n\t\t\t\t\t<div class=\"latest-athletes__athlete-info\">\n\t\t\t\t\t\t<div class=\"latest-athletes__athlete-category\">\u00e9quipe-senior<\/div>\n\t\t\t\t\t\t<h6 class=\"latest-athletes__athlete-title\">\n\t\t\t\t\t\t\t\t\t\t\t\t\t\t<a href=\"https:\/\/karatecanada.org\/fr\/ryan-oneil\/\">\n\t\t\t\t\t\t\t\t\t\t\t\t\t\t\tRyan O&rsquo;Neil\n\t\t\t\t\t\t\t\t\t\t\t\t\t\t<\/a>\n\t\t\t\t\t\t\t\t\t\t\t\t\t<\/h6>\n\t\t\t\t\t\t<a href=\"https:\/\/karatecanada.org\/fr\/ryan-oneil\/\" class=\"latest-athletes__athlete-more\">VOIR LE PROFIL<span class=\"latest-athletes__athlete-more-arrow\"><\/span><\/a>\n\t\t\t\t\t<\/div>\n\t\t\t\t<\/div>\n                        \t<div class=\"latest-athletes__athlete\">\n\t\t\t\t\t<figure class=\"latest-athletes__athlete-image\" style=\"background-image: url('https:\/\/karatecanada.org\/wp-content\/uploads\/2023\/08\/Lahyanssa_Yamina-768x512.jpg');\">\n\t\t\t\t\t\t\t\t\t\t\t\t<a href=\"https:\/\/karatecanada.org\/fr\/yamina-lahyanssa\/\" class=\"latest-athletes__athlete-link\"><\/a>\n\t\t\t\t\t\t\t\t\t\t\t<\/figure>\n\t\t\t\t\t<div class=\"latest-athletes__athlete-info\">\n\t\t\t\t\t\t<div class=\"latest-athletes__athlete-category\">\u00c9quipe Jeux panam\u00e9ricains junior<\/div>\n\t\t\t\t\t\t<h6 class=\"latest-athletes__athlete-title\">\n\t\t\t\t\t\t\t\t\t\t\t\t\t\t<a href=\"https:\/\/karatecanada.org\/fr\/yamina-lahyanssa\/\">\n\t\t\t\t\t\t\t\t\t\t\t\t\t\t\tYamina Lahyanssa\n\t\t\t\t\t\t\t\t\t\t\t\t\t\t<\/a>\n\t\t\t\t\t\t\t\t\t\t\t\t\t<\/h6>\n\t\t\t\t\t\t<a href=\"https:\/\/karatecanada.org\/fr\/yamina-lahyanssa\/\" class=\"latest-athletes__athlete-more\">VOIR LE PROFIL<span class=\"latest-athletes__athlete-more-arrow\"><\/span><\/a>\n\t\t\t\t\t<\/div>\n\t\t\t\t<\/div>\n            \n            \t<div id=\"spinner-button\" class=\"spinner spinner--latest-athletes\">\n                    <div class=\"bounce1\"><\/div>\n                    <div class=\"bounce2\"><\/div>\n                    <div class=\"bounce3\"><\/div>\n                <\/div>\n\n\t\t\t<\/div>\n\n\t\t\t<div class=\"latest-athletes__load-more\">\n\t\t\t\t<button class=\"button button--spinner button--light button--position-aware js-latest-athletes-block-more\">\n\t\t\t\t\t<span>CHARGER PLUS<\/span><span><\/span>\n\t\t\t\t\t<div id=\"spinner-button\" class=\"spinner spinner--white\">\n\t\t\t\t\t\t<div class=\"bounce1\"><\/div>\n\t\t\t\t\t\t<div class=\"bounce2\"><\/div>\n\t\t\t\t\t\t<div class=\"bounce3\"><\/div>\n\t\t\t\t\t<\/div>\n\t\t\t\t<\/button>\n\t\t\t<\/div>\n\n        <\/div>\n    <\/div>\n<\/div>\n","protected":false},"excerpt":{"rendered":"<p>TOUS LES MEMBRES DE L&rsquo;\u00c9QUIPE TOUS LES MEMBRES DE L&rsquo;\u00c9QUIPE \u00e9quipe-senior Claudia Laos-Loo VOIR LE PROFIL \u00c9quipe Championnat panam\u00e9ricain senior Hana Furumoto-Deshaies VOIR LE PROFIL \u00c9quipe Championnat panam\u00e9ricain senior Lily-Rose Nolet VOIR LE PROFIL \u00e9quipe-senior Melissa Bratic VOIR LE PROFIL \u00e9quipe-senior Ryan O&rsquo;Neil VOIR LE PROFIL \u00c9quipe Jeux panam\u00e9ricains junior Yamina Lahyanssa VOIR LE PROFIL [&hellip;]<\/p>\n","protected":false},"author":23,"featured_media":0,"parent":0,"menu_order":0,"comment_status":"closed","ping_status":"closed","template":"","meta":{"_acf_changed":false,"footnotes":""},"class_list":["post-14186","page","type-page","status-publish","hentry"],"acf":[],"yoast_head":"<!-- This site is optimized with the Yoast SEO plugin v27.5 - https:\/\/yoast.com\/product\/yoast-seo-wordpress\/ -->\n<title>\u00c9quipe Jeux panam\u00e9ricains 2023 - Karate Canada<\/title>\n<meta name=\"robots\" content=\"index, follow, max-snippet:-1, max-image-preview:large, max-video-preview:-1\" \/>\n<link rel=\"canonical\" href=\"https:\/\/karatecanada.org\/fr\/equipe-jeux-panamericains-2023\/\" \/>\n<meta property=\"og:locale\" content=\"fr_FR\" \/>\n<meta property=\"og:type\" content=\"article\" \/>\n<meta property=\"og:title\" content=\"\u00c9quipe Jeux panam\u00e9ricains 2023 - Karate Canada\" \/>\n<meta property=\"og:description\" content=\"TOUS LES MEMBRES DE L&#039;\u00c9QUIPE TOUS LES MEMBRES DE L&#039;\u00c9QUIPE \u00e9quipe-senior Claudia Laos-Loo VOIR LE PROFIL \u00c9quipe Championnat panam\u00e9ricain senior Hana Furumoto-Deshaies VOIR LE PROFIL \u00c9quipe Championnat panam\u00e9ricain senior Lily-Rose Nolet VOIR LE PROFIL \u00e9quipe-senior Melissa Bratic VOIR LE PROFIL \u00e9quipe-senior Ryan O&rsquo;Neil VOIR LE PROFIL \u00c9quipe Jeux panam\u00e9ricains junior Yamina Lahyanssa VOIR LE PROFIL [&hellip;]\" \/>\n<meta property=\"og:url\" content=\"https:\/\/karatecanada.org\/fr\/equipe-jeux-panamericains-2023\/\" \/>\n<meta property=\"og:site_name\" content=\"Karate Canada\" \/>\n<meta property=\"article:modified_time\" content=\"2023-08-16T13:42:47+00:00\" \/>\n<meta name=\"twitter:card\" content=\"summary_large_image\" \/>\n<script type=\"application\/ld+json\" class=\"yoast-schema-graph\">{\"@context\":\"https:\\\/\\\/schema.org\",\"@graph\":[{\"@type\":\"WebPage\",\"@id\":\"https:\\\/\\\/karatecanada.org\\\/fr\\\/equipe-jeux-panamericains-2023\\\/\",\"url\":\"https:\\\/\\\/karatecanada.org\\\/fr\\\/equipe-jeux-panamericains-2023\\\/\",\"name\":\"\u00c9quipe Jeux panam\u00e9ricains 2023 - Karate Canada\",\"isPartOf\":{\"@id\":\"https:\\\/\\\/karatecanada.org\\\/fr\\\/#website\"},\"datePublished\":\"2023-08-16T13:42:23+00:00\",\"dateModified\":\"2023-08-16T13:42:47+00:00\",\"breadcrumb\":{\"@id\":\"https:\\\/\\\/karatecanada.org\\\/fr\\\/equipe-jeux-panamericains-2023\\\/#breadcrumb\"},\"inLanguage\":\"fr-FR\",\"potentialAction\":[{\"@type\":\"ReadAction\",\"target\":[\"https:\\\/\\\/karatecanada.org\\\/fr\\\/equipe-jeux-panamericains-2023\\\/\"]}]},{\"@type\":\"BreadcrumbList\",\"@id\":\"https:\\\/\\\/karatecanada.org\\\/fr\\\/equipe-jeux-panamericains-2023\\\/#breadcrumb\",\"itemListElement\":[{\"@type\":\"ListItem\",\"position\":1,\"name\":\"Home\",\"item\":\"https:\\\/\\\/karatecanada.org\\\/fr\\\/\"},{\"@type\":\"ListItem\",\"position\":2,\"name\":\"\u00c9quipe Jeux panam\u00e9ricains 2023\"}]},{\"@type\":\"WebSite\",\"@id\":\"https:\\\/\\\/karatecanada.org\\\/fr\\\/#website\",\"url\":\"https:\\\/\\\/karatecanada.org\\\/fr\\\/\",\"name\":\"Karate Canada\",\"description\":\"Just another WordPress site\",\"potentialAction\":[{\"@type\":\"SearchAction\",\"target\":{\"@type\":\"EntryPoint\",\"urlTemplate\":\"https:\\\/\\\/karatecanada.org\\\/fr\\\/?s={search_term_string}\"},\"query-input\":{\"@type\":\"PropertyValueSpecification\",\"valueRequired\":true,\"valueName\":\"search_term_string\"}}],\"inLanguage\":\"fr-FR\"}]}<\/script>\n<!-- \/ Yoast SEO plugin. -->","yoast_head_json":{"title":"\u00c9quipe Jeux panam\u00e9ricains 2023 - Karate Canada","robots":{"index":"index","follow":"follow","max-snippet":"max-snippet:-1","max-image-preview":"max-image-preview:large","max-video-preview":"max-video-preview:-1"},"canonical":"https:\/\/karatecanada.org\/fr\/equipe-jeux-panamericains-2023\/","og_locale":"fr_FR","og_type":"article","og_title":"\u00c9quipe Jeux panam\u00e9ricains 2023 - Karate Canada","og_description":"TOUS LES MEMBRES DE L'\u00c9QUIPE TOUS LES MEMBRES DE L'\u00c9QUIPE \u00e9quipe-senior Claudia Laos-Loo VOIR LE PROFIL \u00c9quipe Championnat panam\u00e9ricain senior Hana Furumoto-Deshaies VOIR LE PROFIL \u00c9quipe Championnat panam\u00e9ricain senior Lily-Rose Nolet VOIR LE PROFIL \u00e9quipe-senior Melissa Bratic VOIR LE PROFIL \u00e9quipe-senior Ryan O&rsquo;Neil VOIR LE PROFIL \u00c9quipe Jeux panam\u00e9ricains junior Yamina Lahyanssa VOIR LE PROFIL [&hellip;]","og_url":"https:\/\/karatecanada.org\/fr\/equipe-jeux-panamericains-2023\/","og_site_name":"Karate Canada","article_modified_time":"2023-08-16T13:42:47+00:00","twitter_card":"summary_large_image","schema":{"@context":"https:\/\/schema.org","@graph":[{"@type":"WebPage","@id":"https:\/\/karatecanada.org\/fr\/equipe-jeux-panamericains-2023\/","url":"https:\/\/karatecanada.org\/fr\/equipe-jeux-panamericains-2023\/","name":"\u00c9quipe Jeux panam\u00e9ricains 2023 - Karate Canada","isPartOf":{"@id":"https:\/\/karatecanada.org\/fr\/#website"},"datePublished":"2023-08-16T13:42:23+00:00","dateModified":"2023-08-16T13:42:47+00:00","breadcrumb":{"@id":"https:\/\/karatecanada.org\/fr\/equipe-jeux-panamericains-2023\/#breadcrumb"},"inLanguage":"fr-FR","potentialAction":[{"@type":"ReadAction","target":["https:\/\/karatecanada.org\/fr\/equipe-jeux-panamericains-2023\/"]}]},{"@type":"BreadcrumbList","@id":"https:\/\/karatecanada.org\/fr\/equipe-jeux-panamericains-2023\/#breadcrumb","itemListElement":[{"@type":"ListItem","position":1,"name":"Home","item":"https:\/\/karatecanada.org\/fr\/"},{"@type":"ListItem","position":2,"name":"\u00c9quipe Jeux panam\u00e9ricains 2023"}]},{"@type":"WebSite","@id":"https:\/\/karatecanada.org\/fr\/#website","url":"https:\/\/karatecanada.org\/fr\/","name":"Karate Canada","description":"Just another WordPress site","potentialAction":[{"@type":"SearchAction","target":{"@type":"EntryPoint","urlTemplate":"https:\/\/karatecanada.org\/fr\/?s={search_term_string}"},"query-input":{"@type":"PropertyValueSpecification","valueRequired":true,"valueName":"search_term_string"}}],"inLanguage":"fr-FR"}]}},"_links":{"self":[{"href":"https:\/\/karatecanada.org\/fr\/wp-json\/wp\/v2\/pages\/14186","targetHints":{"allow":["GET"]}}],"collection":[{"href":"https:\/\/karatecanada.org\/fr\/wp-json\/wp\/v2\/pages"}],"about":[{"href":"https:\/\/karatecanada.org\/fr\/wp-json\/wp\/v2\/types\/page"}],"author":[{"embeddable":true,"href":"https:\/\/karatecanada.org\/fr\/wp-json\/wp\/v2\/users\/23"}],"replies":[{"embeddable":true,"href":"https:\/\/karatecanada.org\/fr\/wp-json\/wp\/v2\/comments?post=14186"}],"version-history":[{"count":0,"href":"https:\/\/karatecanada.org\/fr\/wp-json\/wp\/v2\/pages\/14186\/revisions"}],"wp:attachment":[{"href":"https:\/\/karatecanada.org\/fr\/wp-json\/wp\/v2\/media?parent=14186"}],"curies":[{"name":"wp","href":"https:\/\/api.w.org\/{rel}","templated":true}]}}