{"id":5605,"date":"2018-05-10T18:57:14","date_gmt":"2018-05-10T18:57:14","guid":{"rendered":"http:\/\/karatecanada.org\/junior-pan-american-championships-team\/"},"modified":"2022-05-23T13:30:10","modified_gmt":"2022-05-23T17:30:10","slug":"equipe-championnat-panamericain-senior","status":"publish","type":"page","link":"https:\/\/karatecanada.org\/fr\/equipe-championnat-panamericain-senior\/","title":{"rendered":"\u00c9quipe Championnat panam\u00e9ricain senior"},"content":{"rendered":"<div class=\"latest-athletes\">\n    <div class=\"wrapper\">\n        <div class=\"container\">\n\n\t\t\t<div class=\"latest-athletes__top\">\n                <div class=\"latest-athletes__top-filter js-filter-athletes js-filter-cat\" data-filter-cat=\"all\" data-filter-ids=\"13070,13411,13399,7303,7301,7300,13077,13397,13404,7314,7295,13111,11383,11394,13395,7312,7321,11390,13412,7317,13092,13407,11395,7307,7310,13401\" data-state=\"0\">\n                    <a href=\"#\" class=\"latest-athletes__top-button js-filter-athletes-button\">TOUS LES MEMBRES DE L'\u00c9QUIPE<\/a>\n                    <ul class=\"latest-athletes__top-options js-filter-athletes-list\">\n                        <li data-filter-cat=\"all\" data-filter-ids=\"13070,13411,13399,7303,7301,7300,13077,13397,13404,7314,7295,13111,11383,11394,13395,7312,7321,11390,13412,7317,13092,13407,11395,7307,7310,13401\">TOUS LES MEMBRES DE L'\u00c9QUIPE<\/li>\n                                                \t<li data-filter-cat=\"167\" data-filter-ids=\"13070,13411,13399,7303,7301,7300,13077,13397,13404,7314,7295,13111,11383,11394,13395,7312,7321,11390,13412,7317,13092,13407,11395,7307,7310,13401\">Athl\u00e8te<\/li>\n                                                \t<li data-filter-cat=\"171\" data-filter-ids=\"13070,13411,13399,7303,7301,7300,13077,13397,13404,7314,7295,13111,11383,11394,13395,7312,7321,11390,13412,7317,13092,13407,11395,7307,7310,13401\">Entra\u00eeneur<\/li>\n                                                \t<li data-filter-cat=\"169\" data-filter-ids=\"13070,13411,13399,7303,7301,7300,13077,13397,13404,7314,7295,13111,11383,11394,13395,7312,7321,11390,13412,7317,13092,13407,11395,7307,7310,13401\">M\u00e9dical<\/li>\n                                            <\/ul>\n                <\/div>\n            <\/div>\n\n\t\t\t<div class=\"latest-athletes__bottom js-latest-athletes-block js-filter-athletes-block\">\n                        \t<div class=\"latest-athletes__athlete\">\n\t\t\t\t\t<figure class=\"latest-athletes__athlete-image\" style=\"background-image: url('https:\/\/karatecanada.org\/wp-content\/uploads\/2022\/05\/Fernando-Aguilera.png');\">\n\t\t\t\t\t\t\t\t\t\t\t\t<a href=\"https:\/\/karatecanada.org\/fr\/fernando-aguilera\/\" class=\"latest-athletes__athlete-link\"><\/a>\n\t\t\t\t\t\t\t\t\t\t\t<\/figure>\n\t\t\t\t\t<div class=\"latest-athletes__athlete-info\">\n\t\t\t\t\t\t<div class=\"latest-athletes__athlete-category\">\u00e9quipe-senior<\/div>\n\t\t\t\t\t\t<h6 class=\"latest-athletes__athlete-title\">\n\t\t\t\t\t\t\t\t\t\t\t\t\t\t<a href=\"https:\/\/karatecanada.org\/fr\/fernando-aguilera\/\">\n\t\t\t\t\t\t\t\t\t\t\t\t\t\t\tFernando Aguilera\n\t\t\t\t\t\t\t\t\t\t\t\t\t\t<\/a>\n\t\t\t\t\t\t\t\t\t\t\t\t\t<\/h6>\n\t\t\t\t\t\t<a href=\"https:\/\/karatecanada.org\/fr\/fernando-aguilera\/\" class=\"latest-athletes__athlete-more\">VOIR LE PROFIL<span class=\"latest-athletes__athlete-more-arrow\"><\/span><\/a>\n\t\t\t\t\t<\/div>\n\t\t\t\t<\/div>\n                        \t<div class=\"latest-athletes__athlete\">\n\t\t\t\t\t<figure class=\"latest-athletes__athlete-image\" style=\"background-image: url('https:\/\/karatecanada.org\/wp-content\/uploads\/2022\/05\/Noa-Bergeron-1.png');\">\n\t\t\t\t\t\t\t\t\t\t\t\t<a href=\"https:\/\/karatecanada.org\/fr\/noa-bergeron\/\" class=\"latest-athletes__athlete-link\"><\/a>\n\t\t\t\t\t\t\t\t\t\t\t<\/figure>\n\t\t\t\t\t<div class=\"latest-athletes__athlete-info\">\n\t\t\t\t\t\t<div class=\"latest-athletes__athlete-category\">\u00e9quipe-senior<\/div>\n\t\t\t\t\t\t<h6 class=\"latest-athletes__athlete-title\">\n\t\t\t\t\t\t\t\t\t\t\t\t\t\t<a href=\"https:\/\/karatecanada.org\/fr\/noa-bergeron\/\">\n\t\t\t\t\t\t\t\t\t\t\t\t\t\t\tNoa Bergeron\n\t\t\t\t\t\t\t\t\t\t\t\t\t\t<\/a>\n\t\t\t\t\t\t\t\t\t\t\t\t\t<\/h6>\n\t\t\t\t\t\t<a href=\"https:\/\/karatecanada.org\/fr\/noa-bergeron\/\" class=\"latest-athletes__athlete-more\">VOIR LE PROFIL<span class=\"latest-athletes__athlete-more-arrow\"><\/span><\/a>\n\t\t\t\t\t<\/div>\n\t\t\t\t<\/div>\n                        \t<div class=\"latest-athletes__athlete\">\n\t\t\t\t\t<figure class=\"latest-athletes__athlete-image\" style=\"background-image: url('https:\/\/karatecanada.org\/wp-content\/uploads\/2022\/05\/Mariah-Blunt.png');\">\n\t\t\t\t\t\t\t\t\t\t\t\t<a href=\"https:\/\/karatecanada.org\/fr\/mariah-blunt\/\" class=\"latest-athletes__athlete-link\"><\/a>\n\t\t\t\t\t\t\t\t\t\t\t<\/figure>\n\t\t\t\t\t<div class=\"latest-athletes__athlete-info\">\n\t\t\t\t\t\t<div class=\"latest-athletes__athlete-category\">\u00c9quipe Championnat panam\u00e9ricain senior<\/div>\n\t\t\t\t\t\t<h6 class=\"latest-athletes__athlete-title\">\n\t\t\t\t\t\t\t\t\t\t\t\t\t\t<a href=\"https:\/\/karatecanada.org\/fr\/mariah-blunt\/\">\n\t\t\t\t\t\t\t\t\t\t\t\t\t\t\tMariah Blunt\n\t\t\t\t\t\t\t\t\t\t\t\t\t\t<\/a>\n\t\t\t\t\t\t\t\t\t\t\t\t\t<\/h6>\n\t\t\t\t\t\t<a href=\"https:\/\/karatecanada.org\/fr\/mariah-blunt\/\" class=\"latest-athletes__athlete-more\">VOIR LE PROFIL<span class=\"latest-athletes__athlete-more-arrow\"><\/span><\/a>\n\t\t\t\t\t<\/div>\n\t\t\t\t<\/div>\n                        \t<div class=\"latest-athletes__athlete\">\n\t\t\t\t\t<figure class=\"latest-athletes__athlete-image\" style=\"background-image: url('https:\/\/karatecanada.org\/wp-content\/uploads\/2023\/08\/Bratic_Melissa-768x512.jpg');\">\n\t\t\t\t\t\t\t\t\t\t\t\t<a href=\"https:\/\/karatecanada.org\/fr\/melissa-bratic\/\" class=\"latest-athletes__athlete-link\"><\/a>\n\t\t\t\t\t\t\t\t\t\t\t<\/figure>\n\t\t\t\t\t<div class=\"latest-athletes__athlete-info\">\n\t\t\t\t\t\t<div class=\"latest-athletes__athlete-category\">\u00e9quipe-senior<\/div>\n\t\t\t\t\t\t<h6 class=\"latest-athletes__athlete-title\">\n\t\t\t\t\t\t\t\t\t\t\t\t\t\t<a href=\"https:\/\/karatecanada.org\/fr\/melissa-bratic\/\">\n\t\t\t\t\t\t\t\t\t\t\t\t\t\t\tMelissa Bratic\n\t\t\t\t\t\t\t\t\t\t\t\t\t\t<\/a>\n\t\t\t\t\t\t\t\t\t\t\t\t\t<\/h6>\n\t\t\t\t\t\t<a href=\"https:\/\/karatecanada.org\/fr\/melissa-bratic\/\" class=\"latest-athletes__athlete-more\">VOIR LE PROFIL<span class=\"latest-athletes__athlete-more-arrow\"><\/span><\/a>\n\t\t\t\t\t<\/div>\n\t\t\t\t<\/div>\n                        \t<div class=\"latest-athletes__athlete\">\n\t\t\t\t\t<figure class=\"latest-athletes__athlete-image\" style=\"background-image: url('https:\/\/karatecanada.org\/wp-content\/uploads\/2019\/06\/Kate-Campbell_webprofile.jpeg');\">\n\t\t\t\t\t\t\t\t\t\t\t\t<a href=\"https:\/\/karatecanada.org\/fr\/kathryn-campbell\/\" class=\"latest-athletes__athlete-link\"><\/a>\n\t\t\t\t\t\t\t\t\t\t\t<\/figure>\n\t\t\t\t\t<div class=\"latest-athletes__athlete-info\">\n\t\t\t\t\t\t<div class=\"latest-athletes__athlete-category\">\u00e9quipe-senior<\/div>\n\t\t\t\t\t\t<h6 class=\"latest-athletes__athlete-title\">\n\t\t\t\t\t\t\t\t\t\t\t\t\t\t<a href=\"https:\/\/karatecanada.org\/fr\/kathryn-campbell\/\">\n\t\t\t\t\t\t\t\t\t\t\t\t\t\t\tKathryn Campbell\n\t\t\t\t\t\t\t\t\t\t\t\t\t\t<\/a>\n\t\t\t\t\t\t\t\t\t\t\t\t\t<\/h6>\n\t\t\t\t\t\t<a href=\"https:\/\/karatecanada.org\/fr\/kathryn-campbell\/\" class=\"latest-athletes__athlete-more\">VOIR LE PROFIL<span class=\"latest-athletes__athlete-more-arrow\"><\/span><\/a>\n\t\t\t\t\t<\/div>\n\t\t\t\t<\/div>\n                        \t<div class=\"latest-athletes__athlete\">\n\t\t\t\t\t<figure class=\"latest-athletes__athlete-image\" style=\"background-image: url('https:\/\/karatecanada.org\/wp-content\/uploads\/2018\/05\/2018-05-11_KarateCan-WEB_0035_1151-768x818.jpg');\">\n\t\t\t\t\t\t\t\t\t\t\t\t<a href=\"https:\/\/karatecanada.org\/fr\/melissa-chan\/\" class=\"latest-athletes__athlete-link\"><\/a>\n\t\t\t\t\t\t\t\t\t\t\t<\/figure>\n\t\t\t\t\t<div class=\"latest-athletes__athlete-info\">\n\t\t\t\t\t\t<div class=\"latest-athletes__athlete-category\">\u00e9quipe-senior<\/div>\n\t\t\t\t\t\t<h6 class=\"latest-athletes__athlete-title\">\n\t\t\t\t\t\t\t\t\t\t\t\t\t\t<a href=\"https:\/\/karatecanada.org\/fr\/melissa-chan\/\">\n\t\t\t\t\t\t\t\t\t\t\t\t\t\t\tMelissa Chan\n\t\t\t\t\t\t\t\t\t\t\t\t\t\t<\/a>\n\t\t\t\t\t\t\t\t\t\t\t\t\t<\/h6>\n\t\t\t\t\t\t<a href=\"https:\/\/karatecanada.org\/fr\/melissa-chan\/\" class=\"latest-athletes__athlete-more\">VOIR LE PROFIL<span class=\"latest-athletes__athlete-more-arrow\"><\/span><\/a>\n\t\t\t\t\t<\/div>\n\t\t\t\t<\/div>\n                        \t<div class=\"latest-athletes__athlete\">\n\t\t\t\t\t<figure class=\"latest-athletes__athlete-image\" style=\"background-image: url('https:\/\/karatecanada.org\/wp-content\/uploads\/2022\/05\/Valeria-Diaz.png');\">\n\t\t\t\t\t\t\t\t\t\t\t\t<a href=\"https:\/\/karatecanada.org\/fr\/valeria-diaz\/\" class=\"latest-athletes__athlete-link\"><\/a>\n\t\t\t\t\t\t\t\t\t\t\t<\/figure>\n\t\t\t\t\t<div class=\"latest-athletes__athlete-info\">\n\t\t\t\t\t\t<div class=\"latest-athletes__athlete-category\">\u00e9quipe-senior<\/div>\n\t\t\t\t\t\t<h6 class=\"latest-athletes__athlete-title\">\n\t\t\t\t\t\t\t\t\t\t\t\t\t\t<a href=\"https:\/\/karatecanada.org\/fr\/valeria-diaz\/\">\n\t\t\t\t\t\t\t\t\t\t\t\t\t\t\tValeria Diaz\n\t\t\t\t\t\t\t\t\t\t\t\t\t\t<\/a>\n\t\t\t\t\t\t\t\t\t\t\t\t\t<\/h6>\n\t\t\t\t\t\t<a href=\"https:\/\/karatecanada.org\/fr\/valeria-diaz\/\" class=\"latest-athletes__athlete-more\">VOIR LE PROFIL<span class=\"latest-athletes__athlete-more-arrow\"><\/span><\/a>\n\t\t\t\t\t<\/div>\n\t\t\t\t<\/div>\n                        \t<div class=\"latest-athletes__athlete\">\n\t\t\t\t\t<figure class=\"latest-athletes__athlete-image\" style=\"background-image: url('https:\/\/karatecanada.org\/wp-content\/uploads\/2023\/08\/Furumoto-Deshaies_Hana-768x512.jpg');\">\n\t\t\t\t\t\t\t\t\t\t\t\t<a href=\"https:\/\/karatecanada.org\/fr\/hana-furumoto-deshaies\/\" class=\"latest-athletes__athlete-link\"><\/a>\n\t\t\t\t\t\t\t\t\t\t\t<\/figure>\n\t\t\t\t\t<div class=\"latest-athletes__athlete-info\">\n\t\t\t\t\t\t<div class=\"latest-athletes__athlete-category\">\u00c9quipe Championnat panam\u00e9ricain senior<\/div>\n\t\t\t\t\t\t<h6 class=\"latest-athletes__athlete-title\">\n\t\t\t\t\t\t\t\t\t\t\t\t\t\t<a href=\"https:\/\/karatecanada.org\/fr\/hana-furumoto-deshaies\/\">\n\t\t\t\t\t\t\t\t\t\t\t\t\t\t\tHana Furumoto-Deshaies\n\t\t\t\t\t\t\t\t\t\t\t\t\t\t<\/a>\n\t\t\t\t\t\t\t\t\t\t\t\t\t<\/h6>\n\t\t\t\t\t\t<a href=\"https:\/\/karatecanada.org\/fr\/hana-furumoto-deshaies\/\" class=\"latest-athletes__athlete-more\">VOIR LE PROFIL<span class=\"latest-athletes__athlete-more-arrow\"><\/span><\/a>\n\t\t\t\t\t<\/div>\n\t\t\t\t<\/div>\n                        \t<div class=\"latest-athletes__athlete\">\n\t\t\t\t\t<figure class=\"latest-athletes__athlete-image\" style=\"background-image: url('');\">\n\t\t\t\t\t\t\t\t\t\t\t\t<a href=\"https:\/\/karatecanada.org\/fr\/anthony-gagnon\/\" class=\"latest-athletes__athlete-link\"><\/a>\n\t\t\t\t\t\t\t\t\t\t\t<\/figure>\n\t\t\t\t\t<div class=\"latest-athletes__athlete-info\">\n\t\t\t\t\t\t<div class=\"latest-athletes__athlete-category\">\u00e9quipe-senior<\/div>\n\t\t\t\t\t\t<h6 class=\"latest-athletes__athlete-title\">\n\t\t\t\t\t\t\t\t\t\t\t\t\t\t<a href=\"https:\/\/karatecanada.org\/fr\/anthony-gagnon\/\">\n\t\t\t\t\t\t\t\t\t\t\t\t\t\t\tAnthony Gagnon\n\t\t\t\t\t\t\t\t\t\t\t\t\t\t<\/a>\n\t\t\t\t\t\t\t\t\t\t\t\t\t<\/h6>\n\t\t\t\t\t\t<a href=\"https:\/\/karatecanada.org\/fr\/anthony-gagnon\/\" class=\"latest-athletes__athlete-more\">VOIR LE PROFIL<span class=\"latest-athletes__athlete-more-arrow\"><\/span><\/a>\n\t\t\t\t\t<\/div>\n\t\t\t\t<\/div>\n                        \t<div class=\"latest-athletes__athlete\">\n\t\t\t\t\t<figure class=\"latest-athletes__athlete-image\" style=\"background-image: url('https:\/\/karatecanada.org\/wp-content\/uploads\/2018\/05\/Daniel-Gaysinsky-768x818.jpg');\">\n\t\t\t\t\t\t\t\t\t\t\t\t<a href=\"https:\/\/karatecanada.org\/fr\/daniel-gaysinsky\/\" class=\"latest-athletes__athlete-link\"><\/a>\n\t\t\t\t\t\t\t\t\t\t\t<\/figure>\n\t\t\t\t\t<div class=\"latest-athletes__athlete-info\">\n\t\t\t\t\t\t<div class=\"latest-athletes__athlete-category\">\u00e9quipe-senior<\/div>\n\t\t\t\t\t\t<h6 class=\"latest-athletes__athlete-title\">\n\t\t\t\t\t\t\t\t\t\t\t\t\t\t<a href=\"https:\/\/karatecanada.org\/fr\/daniel-gaysinsky\/\">\n\t\t\t\t\t\t\t\t\t\t\t\t\t\t\tDaniel Gaysinsky\n\t\t\t\t\t\t\t\t\t\t\t\t\t\t<\/a>\n\t\t\t\t\t\t\t\t\t\t\t\t\t<\/h6>\n\t\t\t\t\t\t<a href=\"https:\/\/karatecanada.org\/fr\/daniel-gaysinsky\/\" class=\"latest-athletes__athlete-more\">VOIR LE PROFIL<span class=\"latest-athletes__athlete-more-arrow\"><\/span><\/a>\n\t\t\t\t\t<\/div>\n\t\t\t\t<\/div>\n                        \t<div class=\"latest-athletes__athlete\">\n\t\t\t\t\t<figure class=\"latest-athletes__athlete-image\" style=\"background-image: url('https:\/\/karatecanada.org\/wp-content\/uploads\/2019\/06\/Haya-Jumaa_webprofile.jpeg');\">\n\t\t\t\t\t\t\t\t\t\t\t\t<a href=\"https:\/\/karatecanada.org\/fr\/haya-jumaa\/\" class=\"latest-athletes__athlete-link\"><\/a>\n\t\t\t\t\t\t\t\t\t\t\t<\/figure>\n\t\t\t\t\t<div class=\"latest-athletes__athlete-info\">\n\t\t\t\t\t\t<div class=\"latest-athletes__athlete-category\">\u00e9quipe-senior<\/div>\n\t\t\t\t\t\t<h6 class=\"latest-athletes__athlete-title\">\n\t\t\t\t\t\t\t\t\t\t\t\t\t\t<a href=\"https:\/\/karatecanada.org\/fr\/haya-jumaa\/\">\n\t\t\t\t\t\t\t\t\t\t\t\t\t\t\tHaya Jumaa\n\t\t\t\t\t\t\t\t\t\t\t\t\t\t<\/a>\n\t\t\t\t\t\t\t\t\t\t\t\t\t<\/h6>\n\t\t\t\t\t\t<a href=\"https:\/\/karatecanada.org\/fr\/haya-jumaa\/\" class=\"latest-athletes__athlete-more\">VOIR LE PROFIL<span class=\"latest-athletes__athlete-more-arrow\"><\/span><\/a>\n\t\t\t\t\t<\/div>\n\t\t\t\t<\/div>\n                        \t<div class=\"latest-athletes__athlete\">\n\t\t\t\t\t<figure class=\"latest-athletes__athlete-image\" style=\"background-image: url('https:\/\/karatecanada.org\/wp-content\/uploads\/2023\/08\/Lahyanssa_Yamina-768x512.jpg');\">\n\t\t\t\t\t\t\t\t\t\t\t\t<a href=\"https:\/\/karatecanada.org\/fr\/yamina-lahyanssa\/\" class=\"latest-athletes__athlete-link\"><\/a>\n\t\t\t\t\t\t\t\t\t\t\t<\/figure>\n\t\t\t\t\t<div class=\"latest-athletes__athlete-info\">\n\t\t\t\t\t\t<div class=\"latest-athletes__athlete-category\">\u00c9quipe Jeux panam\u00e9ricains junior<\/div>\n\t\t\t\t\t\t<h6 class=\"latest-athletes__athlete-title\">\n\t\t\t\t\t\t\t\t\t\t\t\t\t\t<a href=\"https:\/\/karatecanada.org\/fr\/yamina-lahyanssa\/\">\n\t\t\t\t\t\t\t\t\t\t\t\t\t\t\tYamina Lahyanssa\n\t\t\t\t\t\t\t\t\t\t\t\t\t\t<\/a>\n\t\t\t\t\t\t\t\t\t\t\t\t\t<\/h6>\n\t\t\t\t\t\t<a href=\"https:\/\/karatecanada.org\/fr\/yamina-lahyanssa\/\" class=\"latest-athletes__athlete-more\">VOIR LE PROFIL<span class=\"latest-athletes__athlete-more-arrow\"><\/span><\/a>\n\t\t\t\t\t<\/div>\n\t\t\t\t<\/div>\n            \n            \t<div id=\"spinner-button\" class=\"spinner spinner--latest-athletes\">\n                    <div class=\"bounce1\"><\/div>\n                    <div class=\"bounce2\"><\/div>\n                    <div class=\"bounce3\"><\/div>\n                <\/div>\n\n\t\t\t<\/div>\n\n\t\t\t<div class=\"latest-athletes__load-more\">\n\t\t\t\t<button class=\"button button--spinner button--light button--position-aware js-latest-athletes-block-more\">\n\t\t\t\t\t<span>CHARGER PLUS<\/span><span><\/span>\n\t\t\t\t\t<div id=\"spinner-button\" class=\"spinner spinner--white\">\n\t\t\t\t\t\t<div class=\"bounce1\"><\/div>\n\t\t\t\t\t\t<div class=\"bounce2\"><\/div>\n\t\t\t\t\t\t<div class=\"bounce3\"><\/div>\n\t\t\t\t\t<\/div>\n\t\t\t\t<\/button>\n\t\t\t<\/div>\n\n        <\/div>\n    <\/div>\n<\/div>\n","protected":false},"excerpt":{"rendered":"<p>TOUS LES MEMBRES DE L&rsquo;\u00c9QUIPE TOUS LES MEMBRES DE L&rsquo;\u00c9QUIPE Athl\u00e8te Entra\u00eeneur M\u00e9dical \u00e9quipe-senior Fernando Aguilera VOIR LE PROFIL \u00e9quipe-senior Noa Bergeron VOIR LE PROFIL \u00c9quipe Championnat panam\u00e9ricain senior Mariah Blunt VOIR LE PROFIL \u00e9quipe-senior Melissa Bratic VOIR LE PROFIL \u00e9quipe-senior Kathryn Campbell VOIR LE PROFIL \u00e9quipe-senior Melissa Chan VOIR LE PROFIL \u00e9quipe-senior Valeria Diaz [&hellip;]<\/p>\n","protected":false},"author":7,"featured_media":0,"parent":0,"menu_order":0,"comment_status":"closed","ping_status":"closed","template":"","meta":{"_acf_changed":false,"footnotes":""},"class_list":["post-5605","page","type-page","status-publish","hentry"],"acf":[],"yoast_head":"<!-- This site is optimized with the Yoast SEO plugin v27.5 - https:\/\/yoast.com\/product\/yoast-seo-wordpress\/ -->\n<title>\u00c9quipe Championnat panam\u00e9ricain senior - Karate Canada<\/title>\n<meta name=\"robots\" content=\"index, follow, max-snippet:-1, max-image-preview:large, max-video-preview:-1\" \/>\n<link rel=\"canonical\" href=\"https:\/\/karatecanada.org\/fr\/equipe-championnat-panamericain-senior\/\" \/>\n<meta property=\"og:locale\" content=\"fr_FR\" \/>\n<meta property=\"og:type\" content=\"article\" \/>\n<meta property=\"og:title\" content=\"\u00c9quipe Championnat panam\u00e9ricain senior - Karate Canada\" \/>\n<meta property=\"og:description\" content=\"TOUS LES MEMBRES DE L&#039;\u00c9QUIPE TOUS LES MEMBRES DE L&#039;\u00c9QUIPE Athl\u00e8te Entra\u00eeneur M\u00e9dical \u00e9quipe-senior Fernando Aguilera VOIR LE PROFIL \u00e9quipe-senior Noa Bergeron VOIR LE PROFIL \u00c9quipe Championnat panam\u00e9ricain senior Mariah Blunt VOIR LE PROFIL \u00e9quipe-senior Melissa Bratic VOIR LE PROFIL \u00e9quipe-senior Kathryn Campbell VOIR LE PROFIL \u00e9quipe-senior Melissa Chan VOIR LE PROFIL \u00e9quipe-senior Valeria Diaz [&hellip;]\" \/>\n<meta property=\"og:url\" content=\"https:\/\/karatecanada.org\/fr\/equipe-championnat-panamericain-senior\/\" \/>\n<meta property=\"og:site_name\" content=\"Karate Canada\" \/>\n<meta property=\"article:modified_time\" content=\"2022-05-23T17:30:10+00:00\" \/>\n<meta name=\"twitter:card\" content=\"summary_large_image\" \/>\n<script type=\"application\/ld+json\" class=\"yoast-schema-graph\">{\"@context\":\"https:\\\/\\\/schema.org\",\"@graph\":[{\"@type\":\"WebPage\",\"@id\":\"https:\\\/\\\/karatecanada.org\\\/fr\\\/equipe-championnat-panamericain-senior\\\/\",\"url\":\"https:\\\/\\\/karatecanada.org\\\/fr\\\/equipe-championnat-panamericain-senior\\\/\",\"name\":\"\u00c9quipe Championnat panam\u00e9ricain senior - Karate Canada\",\"isPartOf\":{\"@id\":\"https:\\\/\\\/karatecanada.org\\\/fr\\\/#website\"},\"datePublished\":\"2018-05-10T18:57:14+00:00\",\"dateModified\":\"2022-05-23T17:30:10+00:00\",\"breadcrumb\":{\"@id\":\"https:\\\/\\\/karatecanada.org\\\/fr\\\/equipe-championnat-panamericain-senior\\\/#breadcrumb\"},\"inLanguage\":\"fr-FR\",\"potentialAction\":[{\"@type\":\"ReadAction\",\"target\":[\"https:\\\/\\\/karatecanada.org\\\/fr\\\/equipe-championnat-panamericain-senior\\\/\"]}]},{\"@type\":\"BreadcrumbList\",\"@id\":\"https:\\\/\\\/karatecanada.org\\\/fr\\\/equipe-championnat-panamericain-senior\\\/#breadcrumb\",\"itemListElement\":[{\"@type\":\"ListItem\",\"position\":1,\"name\":\"Home\",\"item\":\"https:\\\/\\\/karatecanada.org\\\/fr\\\/\"},{\"@type\":\"ListItem\",\"position\":2,\"name\":\"\u00c9quipe Championnat panam\u00e9ricain senior\"}]},{\"@type\":\"WebSite\",\"@id\":\"https:\\\/\\\/karatecanada.org\\\/fr\\\/#website\",\"url\":\"https:\\\/\\\/karatecanada.org\\\/fr\\\/\",\"name\":\"Karate Canada\",\"description\":\"Just another WordPress site\",\"potentialAction\":[{\"@type\":\"SearchAction\",\"target\":{\"@type\":\"EntryPoint\",\"urlTemplate\":\"https:\\\/\\\/karatecanada.org\\\/fr\\\/?s={search_term_string}\"},\"query-input\":{\"@type\":\"PropertyValueSpecification\",\"valueRequired\":true,\"valueName\":\"search_term_string\"}}],\"inLanguage\":\"fr-FR\"}]}<\/script>\n<!-- \/ Yoast SEO plugin. -->","yoast_head_json":{"title":"\u00c9quipe Championnat panam\u00e9ricain senior - Karate Canada","robots":{"index":"index","follow":"follow","max-snippet":"max-snippet:-1","max-image-preview":"max-image-preview:large","max-video-preview":"max-video-preview:-1"},"canonical":"https:\/\/karatecanada.org\/fr\/equipe-championnat-panamericain-senior\/","og_locale":"fr_FR","og_type":"article","og_title":"\u00c9quipe Championnat panam\u00e9ricain senior - Karate Canada","og_description":"TOUS LES MEMBRES DE L'\u00c9QUIPE TOUS LES MEMBRES DE L'\u00c9QUIPE Athl\u00e8te Entra\u00eeneur M\u00e9dical \u00e9quipe-senior Fernando Aguilera VOIR LE PROFIL \u00e9quipe-senior Noa Bergeron VOIR LE PROFIL \u00c9quipe Championnat panam\u00e9ricain senior Mariah Blunt VOIR LE PROFIL \u00e9quipe-senior Melissa Bratic VOIR LE PROFIL \u00e9quipe-senior Kathryn Campbell VOIR LE PROFIL \u00e9quipe-senior Melissa Chan VOIR LE PROFIL \u00e9quipe-senior Valeria Diaz [&hellip;]","og_url":"https:\/\/karatecanada.org\/fr\/equipe-championnat-panamericain-senior\/","og_site_name":"Karate Canada","article_modified_time":"2022-05-23T17:30:10+00:00","twitter_card":"summary_large_image","schema":{"@context":"https:\/\/schema.org","@graph":[{"@type":"WebPage","@id":"https:\/\/karatecanada.org\/fr\/equipe-championnat-panamericain-senior\/","url":"https:\/\/karatecanada.org\/fr\/equipe-championnat-panamericain-senior\/","name":"\u00c9quipe Championnat panam\u00e9ricain senior - Karate Canada","isPartOf":{"@id":"https:\/\/karatecanada.org\/fr\/#website"},"datePublished":"2018-05-10T18:57:14+00:00","dateModified":"2022-05-23T17:30:10+00:00","breadcrumb":{"@id":"https:\/\/karatecanada.org\/fr\/equipe-championnat-panamericain-senior\/#breadcrumb"},"inLanguage":"fr-FR","potentialAction":[{"@type":"ReadAction","target":["https:\/\/karatecanada.org\/fr\/equipe-championnat-panamericain-senior\/"]}]},{"@type":"BreadcrumbList","@id":"https:\/\/karatecanada.org\/fr\/equipe-championnat-panamericain-senior\/#breadcrumb","itemListElement":[{"@type":"ListItem","position":1,"name":"Home","item":"https:\/\/karatecanada.org\/fr\/"},{"@type":"ListItem","position":2,"name":"\u00c9quipe Championnat panam\u00e9ricain senior"}]},{"@type":"WebSite","@id":"https:\/\/karatecanada.org\/fr\/#website","url":"https:\/\/karatecanada.org\/fr\/","name":"Karate Canada","description":"Just another WordPress site","potentialAction":[{"@type":"SearchAction","target":{"@type":"EntryPoint","urlTemplate":"https:\/\/karatecanada.org\/fr\/?s={search_term_string}"},"query-input":{"@type":"PropertyValueSpecification","valueRequired":true,"valueName":"search_term_string"}}],"inLanguage":"fr-FR"}]}},"_links":{"self":[{"href":"https:\/\/karatecanada.org\/fr\/wp-json\/wp\/v2\/pages\/5605","targetHints":{"allow":["GET"]}}],"collection":[{"href":"https:\/\/karatecanada.org\/fr\/wp-json\/wp\/v2\/pages"}],"about":[{"href":"https:\/\/karatecanada.org\/fr\/wp-json\/wp\/v2\/types\/page"}],"author":[{"embeddable":true,"href":"https:\/\/karatecanada.org\/fr\/wp-json\/wp\/v2\/users\/7"}],"replies":[{"embeddable":true,"href":"https:\/\/karatecanada.org\/fr\/wp-json\/wp\/v2\/comments?post=5605"}],"version-history":[{"count":0,"href":"https:\/\/karatecanada.org\/fr\/wp-json\/wp\/v2\/pages\/5605\/revisions"}],"wp:attachment":[{"href":"https:\/\/karatecanada.org\/fr\/wp-json\/wp\/v2\/media?parent=5605"}],"curies":[{"name":"wp","href":"https:\/\/api.w.org\/{rel}","templated":true}]}}