{"id":5629,"date":"2018-05-04T10:47:21","date_gmt":"2018-05-04T10:47:21","guid":{"rendered":"http:\/\/karatecanada.org\/goverance-board-of-directors\/"},"modified":"2025-11-03T13:33:55","modified_gmt":"2025-11-03T18:33:55","slug":"gouvernance-conseil-dadministration","status":"publish","type":"page","link":"https:\/\/karatecanada.org\/fr\/gouvernance-conseil-dadministration\/","title":{"rendered":"Gouvernance\/Conseil d&rsquo;administration"},"content":{"rendered":"<div class=\"am2-content\" style=\"\">\n\n\t    <div class=\"wrapper\">\n        <div class=\"container\">\n    \n    \t\t<h3>Conseil d&rsquo;administration<\/h3>\n<p><strong><br \/>\nLe conseil d&rsquo;administration actuel est constitu\u00e9 de :<\/strong><\/p>\n<ul>\n<li>Pr\u00e9sident : Craig Vokey (Ontario)<\/li>\n<li>Tr\u00e9sorier : Danny Morin (Qu\u00e9bec)<\/li>\n<li>Directeur des athl\u00e8tes : Daniel Sanchez Griborio (Ontario)<\/li>\n<li>Directeur des athl\u00e8tes : Claudia Laos-Loo (Colombie-Britannique)<\/li>\n<li>Directeur : Katheryn Douglass (Nouveau-Brunswick)<\/li>\n<li>Directeur : Patricia Karl (Alberta)<\/li>\n<li>Director: Andreas Kuntze\u00a0(Colombie-Britannique)<\/li>\n<li>Directeur : Yogen Mungroosing\u00a0(Qu\u00e9bec)<\/li>\n<li>Directeur : Blake Paterson (Ontario)<\/li>\n<li>Directeur : Oleg Raileanu (Ontario)<\/li>\n<li>Directeur : Vanessa Restrepo (Colombie-Britannique)<\/li>\n<\/ul>\n<h3><\/h3>\n<h3>Gouvernance<\/h3>\n<p><strong><br \/>\n\u00c9tats Financiers :<\/strong><\/p>\n<ul>\n<li><a href=\"https:\/\/karatecanada.org\/wp-content\/uploads\/2025\/11\/12467-2025-FINAL-FS_DM_CV_signed.pdf\">31 Mars 2025 \u00c9tats Financiers<\/a><\/li>\n<li><a href=\"https:\/\/karatecanada.org\/wp-content\/uploads\/2024\/10\/Financial-Statements_2024-KC_DM_CV-signed.pdf\">31 Mars 2024 \u00c9tats Financiers<\/a><\/li>\n<li><a href=\"https:\/\/karatecanada.org\/wp-content\/uploads\/2024\/10\/Mar-31-2023-Financial-Statement.pdf\">31 Mars 2023 \u00c9tats Financiers<\/a><\/li>\n<li><a href=\"https:\/\/karatecanada.org\/wp-content\/uploads\/2024\/10\/Mar-2022-Financial-Statement-audited.pdf\">31 Mars 2022 \u00c9tats Financiers<\/a><\/li>\n<\/ul>\n<p><strong>Minutes :<\/strong><\/p>\n<ul>\n<li><a href=\"https:\/\/karatecanada.org\/wp-content\/uploads\/2025\/11\/KC-2025-AGM-Minutes_EN_FR_Final.pdf\">2025 Assembl\u00e9e G\u00e9n\u00e9rale Annuelle<\/a><\/li>\n<li><a href=\"https:\/\/karatecanada.org\/wp-content\/uploads\/2024\/10\/240928_KC-AGM-Minutes_EN_FR.pdf\">2024 Assembl\u00e9e G\u00e9n\u00e9rale Annuelle<\/a><\/li>\n<li><a href=\"https:\/\/karatecanada.org\/wp-content\/uploads\/2024\/10\/2023-AGM-MINUTES-Approved-FINAL.pdf\">2023 Assembl\u00e9e G\u00e9n\u00e9rale Annuelle<\/a><\/li>\n<li><a href=\"https:\/\/karatecanada.org\/wp-content\/uploads\/2024\/10\/KC-AGM-2022-Minutes-EN_FR-.pdf\">2022 Assembl\u00e9e G\u00e9n\u00e9rale Annuelle<\/a><\/li>\n<\/ul>\n<p>&nbsp;<\/p>\n\n\n\t        <\/div>\n    <\/div>\n    \n<\/div>","protected":false},"excerpt":{"rendered":"<p>Conseil d&rsquo;administration Le conseil d&rsquo;administration actuel est constitu\u00e9 de : Pr\u00e9sident : Craig Vokey (Ontario) Tr\u00e9sorier : Danny Morin (Qu\u00e9bec) Directeur des athl\u00e8tes : Daniel Sanchez Griborio (Ontario) Directeur des athl\u00e8tes : Claudia Laos-Loo (Colombie-Britannique) Directeur : Katheryn Douglass (Nouveau-Brunswick) Directeur : Patricia Karl (Alberta) Director: Andreas Kuntze\u00a0(Colombie-Britannique) Directeur : Yogen Mungroosing\u00a0(Qu\u00e9bec) Directeur : Blake [&hellip;]<\/p>\n","protected":false},"author":1,"featured_media":0,"parent":0,"menu_order":0,"comment_status":"closed","ping_status":"closed","template":"page-about.php","meta":{"_acf_changed":false,"footnotes":""},"class_list":["post-5629","page","type-page","status-publish","hentry"],"acf":[],"yoast_head":"<!-- This site is optimized with the Yoast SEO plugin v27.5 - https:\/\/yoast.com\/product\/yoast-seo-wordpress\/ -->\n<title>Gouvernance\/Conseil d&#039;administration - Karate Canada<\/title>\n<meta name=\"robots\" content=\"index, follow, max-snippet:-1, max-image-preview:large, max-video-preview:-1\" \/>\n<link rel=\"canonical\" href=\"https:\/\/karatecanada.org\/fr\/gouvernance-conseil-dadministration\/\" \/>\n<meta property=\"og:locale\" content=\"fr_FR\" \/>\n<meta property=\"og:type\" content=\"article\" \/>\n<meta property=\"og:title\" content=\"Gouvernance\/Conseil d&#039;administration - Karate Canada\" \/>\n<meta property=\"og:description\" content=\"Conseil d&rsquo;administration Le conseil d&rsquo;administration actuel est constitu\u00e9 de : Pr\u00e9sident : Craig Vokey (Ontario) Tr\u00e9sorier : Danny Morin (Qu\u00e9bec) Directeur des athl\u00e8tes : Daniel Sanchez Griborio (Ontario) Directeur des athl\u00e8tes : Claudia Laos-Loo (Colombie-Britannique) Directeur : Katheryn Douglass (Nouveau-Brunswick) Directeur : Patricia Karl (Alberta) Director: Andreas Kuntze\u00a0(Colombie-Britannique) Directeur : Yogen Mungroosing\u00a0(Qu\u00e9bec) Directeur : Blake [&hellip;]\" \/>\n<meta property=\"og:url\" content=\"https:\/\/karatecanada.org\/fr\/gouvernance-conseil-dadministration\/\" \/>\n<meta property=\"og:site_name\" content=\"Karate Canada\" \/>\n<meta property=\"article:modified_time\" content=\"2025-11-03T18:33:55+00:00\" \/>\n<meta name=\"twitter:card\" content=\"summary_large_image\" \/>\n<script type=\"application\/ld+json\" class=\"yoast-schema-graph\">{\"@context\":\"https:\\\/\\\/schema.org\",\"@graph\":[{\"@type\":\"WebPage\",\"@id\":\"https:\\\/\\\/karatecanada.org\\\/fr\\\/gouvernance-conseil-dadministration\\\/\",\"url\":\"https:\\\/\\\/karatecanada.org\\\/fr\\\/gouvernance-conseil-dadministration\\\/\",\"name\":\"Gouvernance\\\/Conseil d'administration - Karate Canada\",\"isPartOf\":{\"@id\":\"https:\\\/\\\/karatecanada.org\\\/fr\\\/#website\"},\"datePublished\":\"2018-05-04T10:47:21+00:00\",\"dateModified\":\"2025-11-03T18:33:55+00:00\",\"breadcrumb\":{\"@id\":\"https:\\\/\\\/karatecanada.org\\\/fr\\\/gouvernance-conseil-dadministration\\\/#breadcrumb\"},\"inLanguage\":\"fr-FR\",\"potentialAction\":[{\"@type\":\"ReadAction\",\"target\":[\"https:\\\/\\\/karatecanada.org\\\/fr\\\/gouvernance-conseil-dadministration\\\/\"]}]},{\"@type\":\"BreadcrumbList\",\"@id\":\"https:\\\/\\\/karatecanada.org\\\/fr\\\/gouvernance-conseil-dadministration\\\/#breadcrumb\",\"itemListElement\":[{\"@type\":\"ListItem\",\"position\":1,\"name\":\"Home\",\"item\":\"https:\\\/\\\/karatecanada.org\\\/fr\\\/\"},{\"@type\":\"ListItem\",\"position\":2,\"name\":\"Gouvernance\\\/Conseil d&#8217;administration\"}]},{\"@type\":\"WebSite\",\"@id\":\"https:\\\/\\\/karatecanada.org\\\/fr\\\/#website\",\"url\":\"https:\\\/\\\/karatecanada.org\\\/fr\\\/\",\"name\":\"Karate Canada\",\"description\":\"Just another WordPress site\",\"potentialAction\":[{\"@type\":\"SearchAction\",\"target\":{\"@type\":\"EntryPoint\",\"urlTemplate\":\"https:\\\/\\\/karatecanada.org\\\/fr\\\/?s={search_term_string}\"},\"query-input\":{\"@type\":\"PropertyValueSpecification\",\"valueRequired\":true,\"valueName\":\"search_term_string\"}}],\"inLanguage\":\"fr-FR\"}]}<\/script>\n<!-- \/ Yoast SEO plugin. -->","yoast_head_json":{"title":"Gouvernance\/Conseil d'administration - Karate Canada","robots":{"index":"index","follow":"follow","max-snippet":"max-snippet:-1","max-image-preview":"max-image-preview:large","max-video-preview":"max-video-preview:-1"},"canonical":"https:\/\/karatecanada.org\/fr\/gouvernance-conseil-dadministration\/","og_locale":"fr_FR","og_type":"article","og_title":"Gouvernance\/Conseil d'administration - Karate Canada","og_description":"Conseil d&rsquo;administration Le conseil d&rsquo;administration actuel est constitu\u00e9 de : Pr\u00e9sident : Craig Vokey (Ontario) Tr\u00e9sorier : Danny Morin (Qu\u00e9bec) Directeur des athl\u00e8tes : Daniel Sanchez Griborio (Ontario) Directeur des athl\u00e8tes : Claudia Laos-Loo (Colombie-Britannique) Directeur : Katheryn Douglass (Nouveau-Brunswick) Directeur : Patricia Karl (Alberta) Director: Andreas Kuntze\u00a0(Colombie-Britannique) Directeur : Yogen Mungroosing\u00a0(Qu\u00e9bec) Directeur : Blake [&hellip;]","og_url":"https:\/\/karatecanada.org\/fr\/gouvernance-conseil-dadministration\/","og_site_name":"Karate Canada","article_modified_time":"2025-11-03T18:33:55+00:00","twitter_card":"summary_large_image","schema":{"@context":"https:\/\/schema.org","@graph":[{"@type":"WebPage","@id":"https:\/\/karatecanada.org\/fr\/gouvernance-conseil-dadministration\/","url":"https:\/\/karatecanada.org\/fr\/gouvernance-conseil-dadministration\/","name":"Gouvernance\/Conseil d'administration - Karate Canada","isPartOf":{"@id":"https:\/\/karatecanada.org\/fr\/#website"},"datePublished":"2018-05-04T10:47:21+00:00","dateModified":"2025-11-03T18:33:55+00:00","breadcrumb":{"@id":"https:\/\/karatecanada.org\/fr\/gouvernance-conseil-dadministration\/#breadcrumb"},"inLanguage":"fr-FR","potentialAction":[{"@type":"ReadAction","target":["https:\/\/karatecanada.org\/fr\/gouvernance-conseil-dadministration\/"]}]},{"@type":"BreadcrumbList","@id":"https:\/\/karatecanada.org\/fr\/gouvernance-conseil-dadministration\/#breadcrumb","itemListElement":[{"@type":"ListItem","position":1,"name":"Home","item":"https:\/\/karatecanada.org\/fr\/"},{"@type":"ListItem","position":2,"name":"Gouvernance\/Conseil d&#8217;administration"}]},{"@type":"WebSite","@id":"https:\/\/karatecanada.org\/fr\/#website","url":"https:\/\/karatecanada.org\/fr\/","name":"Karate Canada","description":"Just another WordPress site","potentialAction":[{"@type":"SearchAction","target":{"@type":"EntryPoint","urlTemplate":"https:\/\/karatecanada.org\/fr\/?s={search_term_string}"},"query-input":{"@type":"PropertyValueSpecification","valueRequired":true,"valueName":"search_term_string"}}],"inLanguage":"fr-FR"}]}},"_links":{"self":[{"href":"https:\/\/karatecanada.org\/fr\/wp-json\/wp\/v2\/pages\/5629","targetHints":{"allow":["GET"]}}],"collection":[{"href":"https:\/\/karatecanada.org\/fr\/wp-json\/wp\/v2\/pages"}],"about":[{"href":"https:\/\/karatecanada.org\/fr\/wp-json\/wp\/v2\/types\/page"}],"author":[{"embeddable":true,"href":"https:\/\/karatecanada.org\/fr\/wp-json\/wp\/v2\/users\/1"}],"replies":[{"embeddable":true,"href":"https:\/\/karatecanada.org\/fr\/wp-json\/wp\/v2\/comments?post=5629"}],"version-history":[{"count":0,"href":"https:\/\/karatecanada.org\/fr\/wp-json\/wp\/v2\/pages\/5629\/revisions"}],"wp:attachment":[{"href":"https:\/\/karatecanada.org\/fr\/wp-json\/wp\/v2\/media?parent=5629"}],"curies":[{"name":"wp","href":"https:\/\/api.w.org\/{rel}","templated":true}]}}