{"id":5645,"date":"2018-05-04T10:46:52","date_gmt":"2018-05-04T10:46:52","guid":{"rendered":"http:\/\/karatecanada.org\/partners-sponsors\/"},"modified":"2021-03-19T11:29:06","modified_gmt":"2021-03-19T15:29:06","slug":"partenaires-et-commanditaires","status":"publish","type":"page","link":"https:\/\/karatecanada.org\/fr\/partenaires-et-commanditaires\/","title":{"rendered":"Partenaires et Commanditaires"},"content":{"rendered":"<div class=\"am2-content\" style=\"\">\n\n\t    <div class=\"wrapper\">\n        <div class=\"container\">\n    \n    \t\t<h4>Partenaires en excellence<\/h4>\n<p>&nbsp;<\/p>\n<h6>Karat\u00e9 Canada est le seul organisme de r\u00e9gie officiel du karat\u00e9 au Canada.<\/h6>\n<ul>\n<li>Karat\u00e9 Canada est le seul organisme national de r\u00e9gie du karat\u00e9 reconnu et subventionn\u00e9 par le gouvernement du Canada par l\u2019entremise de Sport Canada (Patrimoine canadien).<\/li>\n<li>Karat\u00e9 Canada est un partenaire sportif et un membre du Comit\u00e9 olympique canadien.<\/li>\n<li>Karat\u00e9 Canada est la seule f\u00e9d\u00e9ration nationale de karat\u00e9 partenaire de l\u2019Association canadienne des entra\u00eeneurs, du Centre de r\u00e8glement des diff\u00e9rends sportifs du Canada, d\u2019Athl\u00e8tesCAN et du Centre canadien pour l\u2019\u00e9thique dans le sport.<\/li>\n<li>Karat\u00e9 Canada est la seule f\u00e9d\u00e9ration de karat\u00e9 du Canada qui soit membre de la F\u00e9d\u00e9ration mondiale de karat\u00e9, de la F\u00e9d\u00e9ration panam\u00e9ricaine de karat\u00e9 et de la F\u00e9d\u00e9ration de karat\u00e9 du Commonwealth.<\/li>\n<\/ul>\n\n\n\t        <\/div>\n    <\/div>\n    \n<\/div><div class=\"partners\">\n\n    <div class=\"wrapper\">\n        <div class=\"container\" style=\"\">\n\n                            <figure class=\"partners__image col-14\">\n                                        <a href=\"https:\/\/www.canada.ca\/home.html\" target=\"_blank\">\n                                            <img decoding=\"async\" src=\"https:\/\/karatecanada.org\/wp-content\/uploads\/2018\/05\/sport-canada-logo-2-150x150.jpg\" alt=\"sport-canada-logo-2-150x150\">\n                                        <\/a>\n                                    <\/figure>\n                            <figure class=\"partners__image col-14\">\n                                        <a href=\"https:\/\/olympic.ca\/\" target=\"_blank\">\n                                            <img decoding=\"async\" src=\"https:\/\/karatecanada.org\/wp-content\/uploads\/2018\/05\/coc-partner-logo.jpg\" alt=\"coc-partner-logo\">\n                                        <\/a>\n                                    <\/figure>\n                            <figure class=\"partners__image col-14\">\n                                        <a href=\"https:\/\/cces.ca\/fr\" target=\"_blank\">\n                                            <img decoding=\"async\" src=\"https:\/\/karatecanada.org\/wp-content\/uploads\/2018\/05\/cces-logo-150x150.png\" alt=\"cces-logo-150x150\">\n                                        <\/a>\n                                    <\/figure>\n                            <figure class=\"partners__image col-14\">\n                                        <a href=\"http:\/\/www.crdsc-sdrcc.ca\" target=\"_blank\">\n                                            <img decoding=\"async\" src=\"https:\/\/karatecanada.org\/wp-content\/uploads\/2018\/05\/crdsc-logo.jpg\" alt=\"crdsc-logo\">\n                                        <\/a>\n                                    <\/figure>\n                            <figure class=\"partners__image col-14\">\n                                        <a href=\"https:\/\/www.wkf.net\" target=\"_blank\">\n                                            <img decoding=\"async\" src=\"https:\/\/karatecanada.org\/wp-content\/uploads\/2018\/05\/world-karate-federation-logo.jpg\" alt=\"world-karate-federation-logo\">\n                                        <\/a>\n                                    <\/figure>\n                            <figure class=\"partners__image col-14\">\n                                        <a href=\"https:\/\/www.pkfkarate.com\/en\/\" target=\"_blank\">\n                                            <img decoding=\"async\" src=\"https:\/\/karatecanada.org\/wp-content\/uploads\/2018\/05\/panamerican-karate-federation-logo.jpg\" alt=\"panamerican-karate-federation-logo\">\n                                        <\/a>\n                                    <\/figure>\n                            <figure class=\"partners__image col-14\">\n                                            <img decoding=\"async\" src=\"https:\/\/karatecanada.org\/wp-content\/uploads\/2018\/05\/commonwealth-karate-federation-logo.jpg\" alt=\"commonwealth-karate-federation-logo\">\n                                    <\/figure>\n                            <figure class=\"partners__image col-14\">\n                                        <a href=\"https:\/\/www.storagevaultcanada.com\/en?utm_source=CSR_Link&utm_medium=referral\" target=\"_blank\">\n                                            <img decoding=\"async\" src=\"https:\/\/karatecanada.org\/wp-content\/uploads\/2021\/03\/depotium_logos1080x1080.jpg\" alt=\"depotium_logos1080x1080\">\n                                        <\/a>\n                                    <\/figure>\n            \n        <\/div>\n    <\/div>\n\n\n<\/div>","protected":false},"excerpt":{"rendered":"<p>Partenaires en excellence &nbsp; Karat\u00e9 Canada est le seul organisme de r\u00e9gie officiel du karat\u00e9 au Canada. Karat\u00e9 Canada est le seul organisme national de r\u00e9gie du karat\u00e9 reconnu et subventionn\u00e9 par le gouvernement du Canada par l\u2019entremise de Sport Canada (Patrimoine canadien). Karat\u00e9 Canada est un partenaire sportif et un membre du Comit\u00e9 olympique [&hellip;]<\/p>\n","protected":false},"author":1,"featured_media":5539,"parent":0,"menu_order":0,"comment_status":"closed","ping_status":"closed","template":"page-about.php","meta":{"_acf_changed":false,"footnotes":""},"class_list":["post-5645","page","type-page","status-publish","has-post-thumbnail","hentry"],"acf":[],"yoast_head":"<!-- This site is optimized with the Yoast SEO plugin v27.3 - https:\/\/yoast.com\/product\/yoast-seo-wordpress\/ -->\n<title>Partenaires et Commanditaires - Karate Canada<\/title>\n<meta name=\"robots\" content=\"index, follow, max-snippet:-1, max-image-preview:large, max-video-preview:-1\" \/>\n<link rel=\"canonical\" href=\"https:\/\/karatecanada.org\/fr\/partenaires-et-commanditaires\/\" \/>\n<meta property=\"og:locale\" content=\"fr_FR\" \/>\n<meta property=\"og:type\" content=\"article\" \/>\n<meta property=\"og:title\" content=\"Partenaires et Commanditaires - Karate Canada\" \/>\n<meta property=\"og:description\" content=\"Partenaires en excellence &nbsp; Karat\u00e9 Canada est le seul organisme de r\u00e9gie officiel du karat\u00e9 au Canada. Karat\u00e9 Canada est le seul organisme national de r\u00e9gie du karat\u00e9 reconnu et subventionn\u00e9 par le gouvernement du Canada par l\u2019entremise de Sport Canada (Patrimoine canadien). Karat\u00e9 Canada est un partenaire sportif et un membre du Comit\u00e9 olympique [&hellip;]\" \/>\n<meta property=\"og:url\" content=\"https:\/\/karatecanada.org\/fr\/partenaires-et-commanditaires\/\" \/>\n<meta property=\"og:site_name\" content=\"Karate Canada\" \/>\n<meta property=\"article:modified_time\" content=\"2021-03-19T15:29:06+00:00\" \/>\n<meta property=\"og:image\" content=\"https:\/\/karatecanada.org\/wp-content\/uploads\/2018\/05\/placement-image-cards.png\" \/>\n\t<meta property=\"og:image:width\" content=\"768\" \/>\n\t<meta property=\"og:image:height\" content=\"500\" \/>\n\t<meta property=\"og:image:type\" content=\"image\/png\" \/>\n<meta name=\"twitter:card\" content=\"summary_large_image\" \/>\n<script type=\"application\/ld+json\" class=\"yoast-schema-graph\">{\"@context\":\"https:\\\/\\\/schema.org\",\"@graph\":[{\"@type\":\"WebPage\",\"@id\":\"https:\\\/\\\/karatecanada.org\\\/fr\\\/partenaires-et-commanditaires\\\/\",\"url\":\"https:\\\/\\\/karatecanada.org\\\/fr\\\/partenaires-et-commanditaires\\\/\",\"name\":\"Partenaires et Commanditaires - Karate Canada\",\"isPartOf\":{\"@id\":\"https:\\\/\\\/karatecanada.org\\\/fr\\\/#website\"},\"primaryImageOfPage\":{\"@id\":\"https:\\\/\\\/karatecanada.org\\\/fr\\\/partenaires-et-commanditaires\\\/#primaryimage\"},\"image\":{\"@id\":\"https:\\\/\\\/karatecanada.org\\\/fr\\\/partenaires-et-commanditaires\\\/#primaryimage\"},\"thumbnailUrl\":\"https:\\\/\\\/karatecanada.org\\\/wp-content\\\/uploads\\\/2018\\\/05\\\/placement-image-cards.png\",\"datePublished\":\"2018-05-04T10:46:52+00:00\",\"dateModified\":\"2021-03-19T15:29:06+00:00\",\"breadcrumb\":{\"@id\":\"https:\\\/\\\/karatecanada.org\\\/fr\\\/partenaires-et-commanditaires\\\/#breadcrumb\"},\"inLanguage\":\"fr-FR\",\"potentialAction\":[{\"@type\":\"ReadAction\",\"target\":[\"https:\\\/\\\/karatecanada.org\\\/fr\\\/partenaires-et-commanditaires\\\/\"]}]},{\"@type\":\"ImageObject\",\"inLanguage\":\"fr-FR\",\"@id\":\"https:\\\/\\\/karatecanada.org\\\/fr\\\/partenaires-et-commanditaires\\\/#primaryimage\",\"url\":\"https:\\\/\\\/karatecanada.org\\\/wp-content\\\/uploads\\\/2018\\\/05\\\/placement-image-cards.png\",\"contentUrl\":\"https:\\\/\\\/karatecanada.org\\\/wp-content\\\/uploads\\\/2018\\\/05\\\/placement-image-cards.png\",\"width\":768,\"height\":500},{\"@type\":\"BreadcrumbList\",\"@id\":\"https:\\\/\\\/karatecanada.org\\\/fr\\\/partenaires-et-commanditaires\\\/#breadcrumb\",\"itemListElement\":[{\"@type\":\"ListItem\",\"position\":1,\"name\":\"Home\",\"item\":\"https:\\\/\\\/karatecanada.org\\\/fr\\\/\"},{\"@type\":\"ListItem\",\"position\":2,\"name\":\"Partenaires et Commanditaires\"}]},{\"@type\":\"WebSite\",\"@id\":\"https:\\\/\\\/karatecanada.org\\\/fr\\\/#website\",\"url\":\"https:\\\/\\\/karatecanada.org\\\/fr\\\/\",\"name\":\"Karate Canada\",\"description\":\"Just another WordPress site\",\"potentialAction\":[{\"@type\":\"SearchAction\",\"target\":{\"@type\":\"EntryPoint\",\"urlTemplate\":\"https:\\\/\\\/karatecanada.org\\\/fr\\\/?s={search_term_string}\"},\"query-input\":{\"@type\":\"PropertyValueSpecification\",\"valueRequired\":true,\"valueName\":\"search_term_string\"}}],\"inLanguage\":\"fr-FR\"}]}<\/script>\n<!-- \/ Yoast SEO plugin. -->","yoast_head_json":{"title":"Partenaires et Commanditaires - Karate Canada","robots":{"index":"index","follow":"follow","max-snippet":"max-snippet:-1","max-image-preview":"max-image-preview:large","max-video-preview":"max-video-preview:-1"},"canonical":"https:\/\/karatecanada.org\/fr\/partenaires-et-commanditaires\/","og_locale":"fr_FR","og_type":"article","og_title":"Partenaires et Commanditaires - Karate Canada","og_description":"Partenaires en excellence &nbsp; Karat\u00e9 Canada est le seul organisme de r\u00e9gie officiel du karat\u00e9 au Canada. Karat\u00e9 Canada est le seul organisme national de r\u00e9gie du karat\u00e9 reconnu et subventionn\u00e9 par le gouvernement du Canada par l\u2019entremise de Sport Canada (Patrimoine canadien). Karat\u00e9 Canada est un partenaire sportif et un membre du Comit\u00e9 olympique [&hellip;]","og_url":"https:\/\/karatecanada.org\/fr\/partenaires-et-commanditaires\/","og_site_name":"Karate Canada","article_modified_time":"2021-03-19T15:29:06+00:00","og_image":[{"width":768,"height":500,"url":"https:\/\/karatecanada.org\/wp-content\/uploads\/2018\/05\/placement-image-cards.png","type":"image\/png"}],"twitter_card":"summary_large_image","schema":{"@context":"https:\/\/schema.org","@graph":[{"@type":"WebPage","@id":"https:\/\/karatecanada.org\/fr\/partenaires-et-commanditaires\/","url":"https:\/\/karatecanada.org\/fr\/partenaires-et-commanditaires\/","name":"Partenaires et Commanditaires - Karate Canada","isPartOf":{"@id":"https:\/\/karatecanada.org\/fr\/#website"},"primaryImageOfPage":{"@id":"https:\/\/karatecanada.org\/fr\/partenaires-et-commanditaires\/#primaryimage"},"image":{"@id":"https:\/\/karatecanada.org\/fr\/partenaires-et-commanditaires\/#primaryimage"},"thumbnailUrl":"https:\/\/karatecanada.org\/wp-content\/uploads\/2018\/05\/placement-image-cards.png","datePublished":"2018-05-04T10:46:52+00:00","dateModified":"2021-03-19T15:29:06+00:00","breadcrumb":{"@id":"https:\/\/karatecanada.org\/fr\/partenaires-et-commanditaires\/#breadcrumb"},"inLanguage":"fr-FR","potentialAction":[{"@type":"ReadAction","target":["https:\/\/karatecanada.org\/fr\/partenaires-et-commanditaires\/"]}]},{"@type":"ImageObject","inLanguage":"fr-FR","@id":"https:\/\/karatecanada.org\/fr\/partenaires-et-commanditaires\/#primaryimage","url":"https:\/\/karatecanada.org\/wp-content\/uploads\/2018\/05\/placement-image-cards.png","contentUrl":"https:\/\/karatecanada.org\/wp-content\/uploads\/2018\/05\/placement-image-cards.png","width":768,"height":500},{"@type":"BreadcrumbList","@id":"https:\/\/karatecanada.org\/fr\/partenaires-et-commanditaires\/#breadcrumb","itemListElement":[{"@type":"ListItem","position":1,"name":"Home","item":"https:\/\/karatecanada.org\/fr\/"},{"@type":"ListItem","position":2,"name":"Partenaires et Commanditaires"}]},{"@type":"WebSite","@id":"https:\/\/karatecanada.org\/fr\/#website","url":"https:\/\/karatecanada.org\/fr\/","name":"Karate Canada","description":"Just another WordPress site","potentialAction":[{"@type":"SearchAction","target":{"@type":"EntryPoint","urlTemplate":"https:\/\/karatecanada.org\/fr\/?s={search_term_string}"},"query-input":{"@type":"PropertyValueSpecification","valueRequired":true,"valueName":"search_term_string"}}],"inLanguage":"fr-FR"}]}},"_links":{"self":[{"href":"https:\/\/karatecanada.org\/fr\/wp-json\/wp\/v2\/pages\/5645","targetHints":{"allow":["GET"]}}],"collection":[{"href":"https:\/\/karatecanada.org\/fr\/wp-json\/wp\/v2\/pages"}],"about":[{"href":"https:\/\/karatecanada.org\/fr\/wp-json\/wp\/v2\/types\/page"}],"author":[{"embeddable":true,"href":"https:\/\/karatecanada.org\/fr\/wp-json\/wp\/v2\/users\/1"}],"replies":[{"embeddable":true,"href":"https:\/\/karatecanada.org\/fr\/wp-json\/wp\/v2\/comments?post=5645"}],"version-history":[{"count":0,"href":"https:\/\/karatecanada.org\/fr\/wp-json\/wp\/v2\/pages\/5645\/revisions"}],"wp:featuredmedia":[{"embeddable":true,"href":"https:\/\/karatecanada.org\/fr\/wp-json\/wp\/v2\/media\/5539"}],"wp:attachment":[{"href":"https:\/\/karatecanada.org\/fr\/wp-json\/wp\/v2\/media?parent=5645"}],"curies":[{"name":"wp","href":"https:\/\/api.w.org\/{rel}","templated":true}]}}