{"id":5702,"date":"2018-05-04T08:26:22","date_gmt":"2018-05-04T08:26:22","guid":{"rendered":"http:\/\/karatecanada.org\/official-language-policy\/"},"modified":"2018-07-18T14:53:05","modified_gmt":"2018-07-18T14:53:05","slug":"politique-linguistique-officielle","status":"publish","type":"page","link":"https:\/\/karatecanada.org\/fr\/politique-linguistique-officielle\/","title":{"rendered":"Politique sur les langues officielles"},"content":{"rendered":"<div class=\"am2-content\" style=\"\">\n\n\t    <div class=\"wrapper\">\n        <div class=\"container\">\n    \n    \t\t<div class=\"page\" title=\"Page 2\">\n<div class=\"layoutArea\">\n<div class=\"column\">\n<h5>\u00c9nonc\u00e9 de politique :<\/h5>\n<p>1. Karat\u00e9 Canada s\u2019engage \u00e0 promouvoir et \u00e0 utiliser les deux (2) langues officielles du Canada dans tous les services qu\u2019elle offre.<\/p>\n<h5>Objet :<\/h5>\n<p>2. La Politique sur les langues officielles de Karat\u00e9 Canada se fonde sur la croyance aux droits linguistiques et sur le respect des droits linguistiques des membres de Karat\u00e9 Canada. Conform\u00e9ment \u00e0 cette croyance, l\u2019objet et la mise en \u0153uvre de la Politique sur les langues officielles respectent l\u2019esprit et l\u2019intention de la Charte canadienne des droits et libert\u00e9s (1982) et de la Loi sur les langues officielles(1988).<\/p>\n<h5>Mise en \u0153uvre :<\/h5>\n<p>3. Toutes les communications importantes telles que les documents g\u00e9n\u00e9raux, bulletins d\u2019information, communiqu\u00e9s et bulletins particuliers devraient \u00eatre traduits. De plus, toutes les publications seront diffus\u00e9es dans les deux langues officielles et Karat\u00e9 Canada s\u2019efforcera de servir toute personne dans les deux langues officielles.<\/p>\n<p>4. Karat\u00e9 Canada r\u00e9pondra \u00e0 toutes les correspondances envoy\u00e9es \u00e0 son si\u00e8ge social dans la langue officielle dans laquelle elles auront \u00e9t\u00e9 re\u00e7ues.<\/p>\n<p>5. Si la d\u00e9cision de traduire un document ou non cause un d\u00e9saccord ou une dispute, la d\u00e9cision sera prise par le comit\u00e9 ex\u00e9cutif ou le directeur g\u00e9n\u00e9ral.<\/p>\n<p>11 janvier 2010<\/p>\n<\/div>\n<\/div>\n<\/div>\n\n\n\t        <\/div>\n    <\/div>\n    \n<\/div>","protected":false},"excerpt":{"rendered":"<p>\u00c9nonc\u00e9 de politique : 1. Karat\u00e9 Canada s\u2019engage \u00e0 promouvoir et \u00e0 utiliser les deux (2) langues officielles du Canada dans tous les services qu\u2019elle offre. Objet : 2. La Politique sur les langues officielles de Karat\u00e9 Canada se fonde sur la croyance aux droits linguistiques et sur le respect des droits linguistiques des membres [&hellip;]<\/p>\n","protected":false},"author":1,"featured_media":0,"parent":0,"menu_order":0,"comment_status":"closed","ping_status":"closed","template":"","meta":{"_acf_changed":false,"footnotes":""},"class_list":["post-5702","page","type-page","status-publish","hentry"],"acf":[],"yoast_head":"<!-- This site is optimized with the Yoast SEO plugin v27.3 - https:\/\/yoast.com\/product\/yoast-seo-wordpress\/ -->\n<title>Politique sur les langues officielles - Karate Canada<\/title>\n<meta name=\"robots\" content=\"index, follow, max-snippet:-1, max-image-preview:large, max-video-preview:-1\" \/>\n<link rel=\"canonical\" href=\"https:\/\/karatecanada.org\/fr\/politique-linguistique-officielle\/\" \/>\n<meta property=\"og:locale\" content=\"fr_FR\" \/>\n<meta property=\"og:type\" content=\"article\" \/>\n<meta property=\"og:title\" content=\"Politique sur les langues officielles - Karate Canada\" \/>\n<meta property=\"og:description\" content=\"\u00c9nonc\u00e9 de politique : 1. Karat\u00e9 Canada s\u2019engage \u00e0 promouvoir et \u00e0 utiliser les deux (2) langues officielles du Canada dans tous les services qu\u2019elle offre. Objet : 2. La Politique sur les langues officielles de Karat\u00e9 Canada se fonde sur la croyance aux droits linguistiques et sur le respect des droits linguistiques des membres [&hellip;]\" \/>\n<meta property=\"og:url\" content=\"https:\/\/karatecanada.org\/fr\/politique-linguistique-officielle\/\" \/>\n<meta property=\"og:site_name\" content=\"Karate Canada\" \/>\n<meta property=\"article:modified_time\" content=\"2018-07-18T14:53:05+00:00\" \/>\n<meta name=\"twitter:card\" content=\"summary_large_image\" \/>\n<script type=\"application\/ld+json\" class=\"yoast-schema-graph\">{\"@context\":\"https:\\\/\\\/schema.org\",\"@graph\":[{\"@type\":\"WebPage\",\"@id\":\"https:\\\/\\\/karatecanada.org\\\/fr\\\/politique-linguistique-officielle\\\/\",\"url\":\"https:\\\/\\\/karatecanada.org\\\/fr\\\/politique-linguistique-officielle\\\/\",\"name\":\"Politique sur les langues officielles - Karate Canada\",\"isPartOf\":{\"@id\":\"https:\\\/\\\/karatecanada.org\\\/fr\\\/#website\"},\"datePublished\":\"2018-05-04T08:26:22+00:00\",\"dateModified\":\"2018-07-18T14:53:05+00:00\",\"breadcrumb\":{\"@id\":\"https:\\\/\\\/karatecanada.org\\\/fr\\\/politique-linguistique-officielle\\\/#breadcrumb\"},\"inLanguage\":\"fr-FR\",\"potentialAction\":[{\"@type\":\"ReadAction\",\"target\":[\"https:\\\/\\\/karatecanada.org\\\/fr\\\/politique-linguistique-officielle\\\/\"]}]},{\"@type\":\"BreadcrumbList\",\"@id\":\"https:\\\/\\\/karatecanada.org\\\/fr\\\/politique-linguistique-officielle\\\/#breadcrumb\",\"itemListElement\":[{\"@type\":\"ListItem\",\"position\":1,\"name\":\"Home\",\"item\":\"https:\\\/\\\/karatecanada.org\\\/fr\\\/\"},{\"@type\":\"ListItem\",\"position\":2,\"name\":\"Politique sur les langues officielles\"}]},{\"@type\":\"WebSite\",\"@id\":\"https:\\\/\\\/karatecanada.org\\\/fr\\\/#website\",\"url\":\"https:\\\/\\\/karatecanada.org\\\/fr\\\/\",\"name\":\"Karate Canada\",\"description\":\"Just another WordPress site\",\"potentialAction\":[{\"@type\":\"SearchAction\",\"target\":{\"@type\":\"EntryPoint\",\"urlTemplate\":\"https:\\\/\\\/karatecanada.org\\\/fr\\\/?s={search_term_string}\"},\"query-input\":{\"@type\":\"PropertyValueSpecification\",\"valueRequired\":true,\"valueName\":\"search_term_string\"}}],\"inLanguage\":\"fr-FR\"}]}<\/script>\n<!-- \/ Yoast SEO plugin. -->","yoast_head_json":{"title":"Politique sur les langues officielles - Karate Canada","robots":{"index":"index","follow":"follow","max-snippet":"max-snippet:-1","max-image-preview":"max-image-preview:large","max-video-preview":"max-video-preview:-1"},"canonical":"https:\/\/karatecanada.org\/fr\/politique-linguistique-officielle\/","og_locale":"fr_FR","og_type":"article","og_title":"Politique sur les langues officielles - Karate Canada","og_description":"\u00c9nonc\u00e9 de politique : 1. Karat\u00e9 Canada s\u2019engage \u00e0 promouvoir et \u00e0 utiliser les deux (2) langues officielles du Canada dans tous les services qu\u2019elle offre. Objet : 2. La Politique sur les langues officielles de Karat\u00e9 Canada se fonde sur la croyance aux droits linguistiques et sur le respect des droits linguistiques des membres [&hellip;]","og_url":"https:\/\/karatecanada.org\/fr\/politique-linguistique-officielle\/","og_site_name":"Karate Canada","article_modified_time":"2018-07-18T14:53:05+00:00","twitter_card":"summary_large_image","schema":{"@context":"https:\/\/schema.org","@graph":[{"@type":"WebPage","@id":"https:\/\/karatecanada.org\/fr\/politique-linguistique-officielle\/","url":"https:\/\/karatecanada.org\/fr\/politique-linguistique-officielle\/","name":"Politique sur les langues officielles - Karate Canada","isPartOf":{"@id":"https:\/\/karatecanada.org\/fr\/#website"},"datePublished":"2018-05-04T08:26:22+00:00","dateModified":"2018-07-18T14:53:05+00:00","breadcrumb":{"@id":"https:\/\/karatecanada.org\/fr\/politique-linguistique-officielle\/#breadcrumb"},"inLanguage":"fr-FR","potentialAction":[{"@type":"ReadAction","target":["https:\/\/karatecanada.org\/fr\/politique-linguistique-officielle\/"]}]},{"@type":"BreadcrumbList","@id":"https:\/\/karatecanada.org\/fr\/politique-linguistique-officielle\/#breadcrumb","itemListElement":[{"@type":"ListItem","position":1,"name":"Home","item":"https:\/\/karatecanada.org\/fr\/"},{"@type":"ListItem","position":2,"name":"Politique sur les langues officielles"}]},{"@type":"WebSite","@id":"https:\/\/karatecanada.org\/fr\/#website","url":"https:\/\/karatecanada.org\/fr\/","name":"Karate Canada","description":"Just another WordPress site","potentialAction":[{"@type":"SearchAction","target":{"@type":"EntryPoint","urlTemplate":"https:\/\/karatecanada.org\/fr\/?s={search_term_string}"},"query-input":{"@type":"PropertyValueSpecification","valueRequired":true,"valueName":"search_term_string"}}],"inLanguage":"fr-FR"}]}},"_links":{"self":[{"href":"https:\/\/karatecanada.org\/fr\/wp-json\/wp\/v2\/pages\/5702","targetHints":{"allow":["GET"]}}],"collection":[{"href":"https:\/\/karatecanada.org\/fr\/wp-json\/wp\/v2\/pages"}],"about":[{"href":"https:\/\/karatecanada.org\/fr\/wp-json\/wp\/v2\/types\/page"}],"author":[{"embeddable":true,"href":"https:\/\/karatecanada.org\/fr\/wp-json\/wp\/v2\/users\/1"}],"replies":[{"embeddable":true,"href":"https:\/\/karatecanada.org\/fr\/wp-json\/wp\/v2\/comments?post=5702"}],"version-history":[{"count":0,"href":"https:\/\/karatecanada.org\/fr\/wp-json\/wp\/v2\/pages\/5702\/revisions"}],"wp:attachment":[{"href":"https:\/\/karatecanada.org\/fr\/wp-json\/wp\/v2\/media?parent=5702"}],"curies":[{"name":"wp","href":"https:\/\/api.w.org\/{rel}","templated":true}]}}