{"id":7234,"date":"2018-07-17T21:13:58","date_gmt":"2018-07-17T21:13:58","guid":{"rendered":"http:\/\/karatecanada.org\/junior-pan-american-championship-team\/"},"modified":"2022-09-19T11:44:13","modified_gmt":"2022-09-19T15:44:13","slug":"equipe-championnat-panamericain-junior","status":"publish","type":"page","link":"https:\/\/karatecanada.org\/fr\/equipe-championnat-panamericain-junior\/","title":{"rendered":"\u00c9quipe Championnat panam\u00e9ricain junior"},"content":{"rendered":"<div class=\"am2-content\" style=\"\">\n\n\t    <div class=\"wrapper\">\n        <div class=\"container\">\n    \n    \t\t<table width=\"200\">\n<tbody>\n<tr>\n<td width=\"80\">Kata Individuel F\u00e9minin &#8211; Cadet<\/td>\n<td width=\"120\">RAJNARDHINI JOANNE<\/td>\n<\/tr>\n<tr>\n<td>Kata Individuel F\u00e9minin &#8211; Cadet<\/td>\n<td>JILOCA TIFFANY<\/td>\n<\/tr>\n<tr>\n<td>Kata Individuel F\u00e9minin &#8211; Junior<\/td>\n<td>MUNAR LIESEL<\/td>\n<\/tr>\n<tr>\n<td>Kata Individuel F\u00e9minin &#8211; Junior<\/td>\n<td>GAMBOA OONAH<\/td>\n<\/tr>\n<tr>\n<td>Kata Individuel F\u00e9minin &#8211; U21<\/td>\n<td>MORIN L\u00c9A<\/td>\n<\/tr>\n<tr>\n<td>Kata Individuel F\u00e9minin &#8211; U21<\/td>\n<td>DEL ROSARIO AMELIE<\/td>\n<\/tr>\n<tr>\n<td>Kata Individuel F\u00e9minin &#8211; Jeunesse<\/td>\n<td>TRUONG CADENCE<\/td>\n<\/tr>\n<tr>\n<td>Kata Individuel F\u00e9minin &#8211; Jeunesse<\/td>\n<td>ZHENG OLIVIA<\/td>\n<\/tr>\n<tr>\n<td>Kata Individuel Masculin &#8211; Cadet<\/td>\n<td>GRUITIA MATTHEW<\/td>\n<\/tr>\n<tr>\n<td>Kata Individuel Masculin &#8211; Cadet<\/td>\n<td>CARRI\u00c8RE NAYTHAN<\/td>\n<\/tr>\n<tr>\n<td>Kata Individuel Masculin &#8211; Junior<\/td>\n<td>NESE KRISTIAN<\/td>\n<\/tr>\n<tr>\n<td>Kata Individuel Masculin &#8211; Junior<\/td>\n<td>BERRETTA DYLAN<\/td>\n<\/tr>\n<tr>\n<td>Kata Individuel Masculin &#8211; U21<\/td>\n<td>MCNEIL YUKI<\/td>\n<\/tr>\n<tr>\n<td>Kata Individuel Masculin &#8211; U21<\/td>\n<td>BERGERON NOA<\/td>\n<\/tr>\n<tr>\n<td>Kata Individuel Masculin &#8211; Jeunesse<\/td>\n<td>LAFLAMME NATHAN<\/td>\n<\/tr>\n<tr>\n<td>Kata Individuel Masculin &#8211; Jeunesse<\/td>\n<td>SQUIRES EVAN<\/td>\n<\/tr>\n<tr>\n<td>Kumite Individuel F\u00e9minin &#8211; Cadet -47 kg<\/td>\n<td>RAJNARDHINI JOANNE<\/td>\n<\/tr>\n<tr>\n<td>Kumite Individuel F\u00e9minin &#8211; Cadet -47 kg<\/td>\n<td>TAMAKI MISUZU<\/td>\n<\/tr>\n<tr>\n<td>Kumite Individuel F\u00e9minin &#8211; Cadet -54 kg<\/td>\n<td>MOVAFFAGH DONYA<\/td>\n<\/tr>\n<tr>\n<td>Kumite Individuel F\u00e9minin &#8211; Cadet +54 kg<\/td>\n<td>PALMER QUINCEY<\/td>\n<\/tr>\n<tr>\n<td>Kumite Individuel F\u00e9minin &#8211; Cadet +54 kg<\/td>\n<td>NIJJAR ANISHA<\/td>\n<\/tr>\n<tr>\n<td>Kumite Individuel F\u00e9minin &#8211; Junior -48 kg<\/td>\n<td>MONTEIRO SOPHIA<\/td>\n<\/tr>\n<tr>\n<td>Kumite Individuel F\u00e9minin &#8211; Junior -48 kg<\/td>\n<td>SZETO KEIRA<\/td>\n<\/tr>\n<tr>\n<td>Kumite Individuel F\u00e9minin &#8211; Junior -53 kg<\/td>\n<td>OUYAHIA MARIA<\/td>\n<\/tr>\n<tr>\n<td>Kumite Individuel F\u00e9minin &#8211; Junior -53 kg<\/td>\n<td>BRODIE OLIVIA<\/td>\n<\/tr>\n<tr>\n<td>Kumite Individuel F\u00e9minin &#8211; Junior -59 kg<\/td>\n<td>REGLAR EMILY<\/td>\n<\/tr>\n<tr>\n<td>Kumite Individuel F\u00e9minin &#8211; Junior -59 kg<\/td>\n<td>MONFISTON MELODY<\/td>\n<\/tr>\n<tr>\n<td>Kumite Individuel F\u00e9minin &#8211; Junior +59 kg<\/td>\n<td>RATTI SHALIN<\/td>\n<\/tr>\n<tr>\n<td>Kumite Individuel F\u00e9minin &#8211; Junior +59 kg<\/td>\n<td>DAVISON FAITH<\/td>\n<\/tr>\n<tr>\n<td>Kumite Individuel F\u00e9minin &#8211; U21 -50 kg<\/td>\n<td>GHARAEI MAHTA<\/td>\n<\/tr>\n<tr>\n<td>Kumite Individuel F\u00e9minin &#8211; U21 -50 kg<\/td>\n<td>LAHYANSSA YAMINA<\/td>\n<\/tr>\n<tr>\n<td>Kumite Individuel F\u00e9minin &#8211; U21 -55 kg<\/td>\n<td>ROCHETTE M\u00c9GAN<\/td>\n<\/tr>\n<tr>\n<td>Kumite Individuel F\u00e9minin &#8211; U21 -55 kg<\/td>\n<td>ABDOUN LYNA<\/td>\n<\/tr>\n<tr>\n<td>Kumite Individuel F\u00e9minin &#8211; U21 -61 kg<\/td>\n<td>KHELA SAHIB<\/td>\n<\/tr>\n<tr>\n<td>Kumite Individuel F\u00e9minin &#8211; U21 -61 kg<\/td>\n<td>REID LAUREN<\/td>\n<\/tr>\n<tr>\n<td>Kumite Individuel F\u00e9minin &#8211; U21 -68 kg<\/td>\n<td>FAHEY JADE<\/td>\n<\/tr>\n<tr>\n<td>Kumite Individuel F\u00e9minin &#8211; U21 -68 kg<\/td>\n<td>MACLEAN JULIA<\/td>\n<\/tr>\n<tr>\n<td>Kumite Individuel F\u00e9minin &#8211; U21 +68 kg<\/td>\n<td>NOLET LILY-ROSE<\/td>\n<\/tr>\n<tr>\n<td>Kumite Individuel F\u00e9minin &#8211; U21 +68 kg<\/td>\n<td>DIAZ VALERIA<\/td>\n<\/tr>\n<tr>\n<td>Kumite Individuel F\u00e9minin &#8211; Jeunesse -42 kg<\/td>\n<td>GRENIER MA\u00cfKA<\/td>\n<\/tr>\n<tr>\n<td>Kumite Individuel F\u00e9minin &#8211; Jeunesse -42 kg<\/td>\n<td>ZHENG OLIVIA<\/td>\n<\/tr>\n<tr>\n<td>Kumite Individuel F\u00e9minin &#8211; Jeunesse -47 kg<\/td>\n<td>CHAN EMILY<\/td>\n<\/tr>\n<tr>\n<td>Kumite Individuel F\u00e9minin &#8211; Jeunesse -47 kg<\/td>\n<td>KHODARAHMI MALIA<\/td>\n<\/tr>\n<tr>\n<td>Kumite Individuel F\u00e9minin &#8211; Jeunesse +47 kg<\/td>\n<td>GUERRERO MARIANA<\/td>\n<\/tr>\n<tr>\n<td>Kumite Individuel F\u00e9minin &#8211; Jeunesse +47 kg<\/td>\n<td>RAHMANI AYA<\/td>\n<\/tr>\n<tr>\n<td>Kumite Individuel Masculin &#8211; Cadet -52 kg<\/td>\n<td>ESTRIN DAVID<\/td>\n<\/tr>\n<tr>\n<td>Kumite Individuel Masculin &#8211; Cadet -52 kg<\/td>\n<td>BERRY INDIGO<\/td>\n<\/tr>\n<tr>\n<td>Kumite Individuel Masculin &#8211; Cadet -57 kg<\/td>\n<td>LI TYLER<\/td>\n<\/tr>\n<tr>\n<td>Kumite Individuel Masculin &#8211; Cadet -57 kg<\/td>\n<td>RATHNAYAKE HELITHA<\/td>\n<\/tr>\n<tr>\n<td>Kumite Individuel Masculin &#8211; Cadet -63 kg<\/td>\n<td>HOSSEINIRAD EMMANUEL<\/td>\n<\/tr>\n<tr>\n<td>Kumite Individuel Masculin &#8211; Cadet -63 kg<\/td>\n<td>ZIPENCO NICK<\/td>\n<\/tr>\n<tr>\n<td>Kumite Individuel Masculin &#8211; Cadet -70 kg<\/td>\n<td>KOHI ARYAN<\/td>\n<\/tr>\n<tr>\n<td>Kumite Individuel Masculin &#8211; Cadet -70 kg<\/td>\n<td>TALHI YOUNESSE<\/td>\n<\/tr>\n<tr>\n<td>Kumite Individuel Masculin &#8211; Cadet +70 kg<\/td>\n<td>ALMISHRI OMAR<\/td>\n<\/tr>\n<tr>\n<td>Kumite Individuel Masculin &#8211; Cadet +70 kg<\/td>\n<td>JONES OWEN<\/td>\n<\/tr>\n<tr>\n<td>Kumite Individuel Masculin &#8211; Junior -55 kg<\/td>\n<td>TANAHARA SKYLER<\/td>\n<\/tr>\n<tr>\n<td>Kumite Individuel Masculin &#8211; Junior -61 kg<\/td>\n<td>MOSSAVAT NOAH<\/td>\n<\/tr>\n<tr>\n<td>Kumite Individuel Masculin &#8211; Junior -61 kg<\/td>\n<td>ALKURDI GASSAN<\/td>\n<\/tr>\n<tr>\n<td>Kumite Individuel Masculin &#8211; Junior -68 kg<\/td>\n<td>JORNACION KAMRAN<\/td>\n<\/tr>\n<tr>\n<td>Kumite Individuel Masculin &#8211; Junior -68 kg<\/td>\n<td>MIRI MOUSSA<\/td>\n<\/tr>\n<tr>\n<td>Kumite Individuel Masculin &#8211; Junior -76 kg<\/td>\n<td>PANDHER ARPEIT<\/td>\n<\/tr>\n<tr>\n<td>Kumite Individuel Masculin &#8211; Junior -76 kg<\/td>\n<td>DE LANDA ZISKROUT ISAAC<\/td>\n<\/tr>\n<tr>\n<td>Kumite Individuel Masculin &#8211; Junior +76 kg<\/td>\n<td>IHAZA DAVID<\/td>\n<\/tr>\n<tr>\n<td>Kumite Individuel Masculin &#8211; Junior +76 kg<\/td>\n<td>DELHOUMI MOUMEN<\/td>\n<\/tr>\n<tr>\n<td>Kumite Individuel Masculin &#8211; U21 -60 kg<\/td>\n<td>ZINGER SHON<\/td>\n<\/tr>\n<tr>\n<td>Kumite Individuel Masculin &#8211; U21 -60 kg<\/td>\n<td>MIRI YASSIN<\/td>\n<\/tr>\n<tr>\n<td>Kumite Individuel Masculin &#8211; U21 -67 kg<\/td>\n<td>ISMAIL YOUSEFF<\/td>\n<\/tr>\n<tr>\n<td>Kumite Individuel Masculin &#8211; U21 -67 kg<\/td>\n<td>INGRAM ISAIAH<\/td>\n<\/tr>\n<tr>\n<td>Kumite Individuel Masculin &#8211; U21 -75 kg<\/td>\n<td>PANDHER AIMANN<\/td>\n<\/tr>\n<tr>\n<td>Kumite Individuel Masculin &#8211; U21 -75 kg<\/td>\n<td>NAUMENKO ISAAC<\/td>\n<\/tr>\n<tr>\n<td>Kumite Individuel Masculin &#8211; U21 -84 kg<\/td>\n<td>SMALL ETHAN<\/td>\n<\/tr>\n<tr>\n<td>Kumite Individuel Masculin &#8211; U21 -84 kg<\/td>\n<td>BENKHADRA SALAM<\/td>\n<\/tr>\n<tr>\n<td>Kumite Individuel Masculin &#8211; Jeunesse -40 kg<\/td>\n<td>CHOI ETHAN<\/td>\n<\/tr>\n<tr>\n<td>Kumite Individuel Masculin &#8211; Jeunesse -45 kg<\/td>\n<td>PUCHALSKI COLE<\/td>\n<\/tr>\n<tr>\n<td>Kumite Individuel Masculin &#8211; Jeunesse -45 kg<\/td>\n<td>BUCHANAN KONNOR<\/td>\n<\/tr>\n<tr>\n<td>Kumite Individuel Masculin &#8211; Jeunesse -50 kg<\/td>\n<td>GUEMMAT ABDERAHMANE<\/td>\n<\/tr>\n<tr>\n<td>Kumite Individuel Masculin &#8211; Jeunesse -55 kg<\/td>\n<td>DAVIS ISAAC<\/td>\n<\/tr>\n<tr>\n<td>Kumite Individuel Masculin &#8211; Jeunesse -55 kg<\/td>\n<td>TOMUSANGE JEREMY<\/td>\n<\/tr>\n<tr>\n<td>Kumite Individuel Masculin &#8211; Jeunesse +55 kg<\/td>\n<td>IHAZA SIMON<\/td>\n<\/tr>\n<tr>\n<td>Kumite Individuel Masculin &#8211; Jeunesse +55 kg<\/td>\n<td>MONGRAIN THIERRY<\/td>\n<\/tr>\n<tr>\n<td>Kata \u00c9quipe F\u00e9minin &#8211; Cadet\/Junior<\/td>\n<td>DAVISON FAITH<\/td>\n<\/tr>\n<tr>\n<td>Kata \u00c9quipe F\u00e9minin &#8211; Cadet\/Junior<\/td>\n<td>GAO EMILY<\/td>\n<\/tr>\n<tr>\n<td>Kata \u00c9quipe F\u00e9minin &#8211; Cadet\/Junior<\/td>\n<td>MOSDELL EMA<\/td>\n<\/tr>\n<tr>\n<td>Kumite \u00c9quipe F\u00e9minin U21<\/td>\n<td>NOLET LILY-ROSE<\/td>\n<\/tr>\n<tr>\n<td>Kumite \u00c9quipe F\u00e9minin U21<\/td>\n<td>DIAZ VALERIA<\/td>\n<\/tr>\n<tr>\n<td>Kumite \u00c9quipe F\u00e9minin U21<\/td>\n<td>ROCHETTE M\u00c9GAN<\/td>\n<\/tr>\n<tr>\n<td>Kumite \u00c9quipe F\u00e9minin U21<\/td>\n<td>MACLEAN JULIA<\/td>\n<\/tr>\n<tr>\n<td>Kumite \u00c9quipe Masculin U21<\/td>\n<td>SMALL ETHAN<\/td>\n<\/tr>\n<tr>\n<td>Kumite \u00c9quipe Masculin U21<\/td>\n<td>BENKHADRA SALAM<\/td>\n<\/tr>\n<tr>\n<td>Kumite \u00c9quipe Masculin U21<\/td>\n<td>MIRI YASSIN<\/td>\n<\/tr>\n<tr>\n<td>Kumite \u00c9quipe Masculin U21<\/td>\n<td>INGRAM ISAIAH<\/td>\n<\/tr>\n<tr>\n<td>Kumite \u00c9quipe Masculin U21<\/td>\n<td>PANDHER AIMANN<\/td>\n<\/tr>\n<\/tbody>\n<\/table>\n\n\n\t        <\/div>\n    <\/div>\n    \n<\/div>","protected":false},"excerpt":{"rendered":"<p>Kata Individuel F\u00e9minin &#8211; Cadet RAJNARDHINI JOANNE Kata Individuel F\u00e9minin &#8211; Cadet JILOCA TIFFANY Kata Individuel F\u00e9minin &#8211; Junior MUNAR LIESEL Kata Individuel F\u00e9minin &#8211; Junior GAMBOA OONAH Kata Individuel F\u00e9minin &#8211; U21 MORIN L\u00c9A Kata Individuel F\u00e9minin &#8211; U21 DEL ROSARIO AMELIE Kata Individuel F\u00e9minin &#8211; Jeunesse TRUONG CADENCE Kata Individuel F\u00e9minin &#8211; Jeunesse [&hellip;]<\/p>\n","protected":false},"author":7,"featured_media":0,"parent":0,"menu_order":0,"comment_status":"closed","ping_status":"closed","template":"","meta":{"_acf_changed":false,"footnotes":""},"class_list":["post-7234","page","type-page","status-publish","hentry"],"acf":[],"yoast_head":"<!-- This site is optimized with the Yoast SEO plugin v27.3 - https:\/\/yoast.com\/product\/yoast-seo-wordpress\/ -->\n<title>\u00c9quipe Championnat panam\u00e9ricain junior - Karate Canada<\/title>\n<meta name=\"robots\" content=\"index, follow, max-snippet:-1, max-image-preview:large, max-video-preview:-1\" \/>\n<link rel=\"canonical\" href=\"https:\/\/karatecanada.org\/fr\/equipe-championnat-panamericain-junior\/\" \/>\n<meta property=\"og:locale\" content=\"fr_FR\" \/>\n<meta property=\"og:type\" content=\"article\" \/>\n<meta property=\"og:title\" content=\"\u00c9quipe Championnat panam\u00e9ricain junior - Karate Canada\" \/>\n<meta property=\"og:description\" content=\"Kata Individuel F\u00e9minin &#8211; Cadet RAJNARDHINI JOANNE Kata Individuel F\u00e9minin &#8211; Cadet JILOCA TIFFANY Kata Individuel F\u00e9minin &#8211; Junior MUNAR LIESEL Kata Individuel F\u00e9minin &#8211; Junior GAMBOA OONAH Kata Individuel F\u00e9minin &#8211; U21 MORIN L\u00c9A Kata Individuel F\u00e9minin &#8211; U21 DEL ROSARIO AMELIE Kata Individuel F\u00e9minin &#8211; Jeunesse TRUONG CADENCE Kata Individuel F\u00e9minin &#8211; Jeunesse [&hellip;]\" \/>\n<meta property=\"og:url\" content=\"https:\/\/karatecanada.org\/fr\/equipe-championnat-panamericain-junior\/\" \/>\n<meta property=\"og:site_name\" content=\"Karate Canada\" \/>\n<meta property=\"article:modified_time\" content=\"2022-09-19T15:44:13+00:00\" \/>\n<meta name=\"twitter:card\" content=\"summary_large_image\" \/>\n<script type=\"application\/ld+json\" class=\"yoast-schema-graph\">{\"@context\":\"https:\\\/\\\/schema.org\",\"@graph\":[{\"@type\":\"WebPage\",\"@id\":\"https:\\\/\\\/karatecanada.org\\\/fr\\\/equipe-championnat-panamericain-junior\\\/\",\"url\":\"https:\\\/\\\/karatecanada.org\\\/fr\\\/equipe-championnat-panamericain-junior\\\/\",\"name\":\"\u00c9quipe Championnat panam\u00e9ricain junior - Karate Canada\",\"isPartOf\":{\"@id\":\"https:\\\/\\\/karatecanada.org\\\/fr\\\/#website\"},\"datePublished\":\"2018-07-17T21:13:58+00:00\",\"dateModified\":\"2022-09-19T15:44:13+00:00\",\"breadcrumb\":{\"@id\":\"https:\\\/\\\/karatecanada.org\\\/fr\\\/equipe-championnat-panamericain-junior\\\/#breadcrumb\"},\"inLanguage\":\"fr-FR\",\"potentialAction\":[{\"@type\":\"ReadAction\",\"target\":[\"https:\\\/\\\/karatecanada.org\\\/fr\\\/equipe-championnat-panamericain-junior\\\/\"]}]},{\"@type\":\"BreadcrumbList\",\"@id\":\"https:\\\/\\\/karatecanada.org\\\/fr\\\/equipe-championnat-panamericain-junior\\\/#breadcrumb\",\"itemListElement\":[{\"@type\":\"ListItem\",\"position\":1,\"name\":\"Home\",\"item\":\"https:\\\/\\\/karatecanada.org\\\/fr\\\/\"},{\"@type\":\"ListItem\",\"position\":2,\"name\":\"\u00c9quipe Championnat panam\u00e9ricain junior\"}]},{\"@type\":\"WebSite\",\"@id\":\"https:\\\/\\\/karatecanada.org\\\/fr\\\/#website\",\"url\":\"https:\\\/\\\/karatecanada.org\\\/fr\\\/\",\"name\":\"Karate Canada\",\"description\":\"Just another WordPress site\",\"potentialAction\":[{\"@type\":\"SearchAction\",\"target\":{\"@type\":\"EntryPoint\",\"urlTemplate\":\"https:\\\/\\\/karatecanada.org\\\/fr\\\/?s={search_term_string}\"},\"query-input\":{\"@type\":\"PropertyValueSpecification\",\"valueRequired\":true,\"valueName\":\"search_term_string\"}}],\"inLanguage\":\"fr-FR\"}]}<\/script>\n<!-- \/ Yoast SEO plugin. -->","yoast_head_json":{"title":"\u00c9quipe Championnat panam\u00e9ricain junior - Karate Canada","robots":{"index":"index","follow":"follow","max-snippet":"max-snippet:-1","max-image-preview":"max-image-preview:large","max-video-preview":"max-video-preview:-1"},"canonical":"https:\/\/karatecanada.org\/fr\/equipe-championnat-panamericain-junior\/","og_locale":"fr_FR","og_type":"article","og_title":"\u00c9quipe Championnat panam\u00e9ricain junior - Karate Canada","og_description":"Kata Individuel F\u00e9minin &#8211; Cadet RAJNARDHINI JOANNE Kata Individuel F\u00e9minin &#8211; Cadet JILOCA TIFFANY Kata Individuel F\u00e9minin &#8211; Junior MUNAR LIESEL Kata Individuel F\u00e9minin &#8211; Junior GAMBOA OONAH Kata Individuel F\u00e9minin &#8211; U21 MORIN L\u00c9A Kata Individuel F\u00e9minin &#8211; U21 DEL ROSARIO AMELIE Kata Individuel F\u00e9minin &#8211; Jeunesse TRUONG CADENCE Kata Individuel F\u00e9minin &#8211; Jeunesse [&hellip;]","og_url":"https:\/\/karatecanada.org\/fr\/equipe-championnat-panamericain-junior\/","og_site_name":"Karate Canada","article_modified_time":"2022-09-19T15:44:13+00:00","twitter_card":"summary_large_image","schema":{"@context":"https:\/\/schema.org","@graph":[{"@type":"WebPage","@id":"https:\/\/karatecanada.org\/fr\/equipe-championnat-panamericain-junior\/","url":"https:\/\/karatecanada.org\/fr\/equipe-championnat-panamericain-junior\/","name":"\u00c9quipe Championnat panam\u00e9ricain junior - Karate Canada","isPartOf":{"@id":"https:\/\/karatecanada.org\/fr\/#website"},"datePublished":"2018-07-17T21:13:58+00:00","dateModified":"2022-09-19T15:44:13+00:00","breadcrumb":{"@id":"https:\/\/karatecanada.org\/fr\/equipe-championnat-panamericain-junior\/#breadcrumb"},"inLanguage":"fr-FR","potentialAction":[{"@type":"ReadAction","target":["https:\/\/karatecanada.org\/fr\/equipe-championnat-panamericain-junior\/"]}]},{"@type":"BreadcrumbList","@id":"https:\/\/karatecanada.org\/fr\/equipe-championnat-panamericain-junior\/#breadcrumb","itemListElement":[{"@type":"ListItem","position":1,"name":"Home","item":"https:\/\/karatecanada.org\/fr\/"},{"@type":"ListItem","position":2,"name":"\u00c9quipe Championnat panam\u00e9ricain junior"}]},{"@type":"WebSite","@id":"https:\/\/karatecanada.org\/fr\/#website","url":"https:\/\/karatecanada.org\/fr\/","name":"Karate Canada","description":"Just another WordPress site","potentialAction":[{"@type":"SearchAction","target":{"@type":"EntryPoint","urlTemplate":"https:\/\/karatecanada.org\/fr\/?s={search_term_string}"},"query-input":{"@type":"PropertyValueSpecification","valueRequired":true,"valueName":"search_term_string"}}],"inLanguage":"fr-FR"}]}},"_links":{"self":[{"href":"https:\/\/karatecanada.org\/fr\/wp-json\/wp\/v2\/pages\/7234","targetHints":{"allow":["GET"]}}],"collection":[{"href":"https:\/\/karatecanada.org\/fr\/wp-json\/wp\/v2\/pages"}],"about":[{"href":"https:\/\/karatecanada.org\/fr\/wp-json\/wp\/v2\/types\/page"}],"author":[{"embeddable":true,"href":"https:\/\/karatecanada.org\/fr\/wp-json\/wp\/v2\/users\/7"}],"replies":[{"embeddable":true,"href":"https:\/\/karatecanada.org\/fr\/wp-json\/wp\/v2\/comments?post=7234"}],"version-history":[{"count":0,"href":"https:\/\/karatecanada.org\/fr\/wp-json\/wp\/v2\/pages\/7234\/revisions"}],"wp:attachment":[{"href":"https:\/\/karatecanada.org\/fr\/wp-json\/wp\/v2\/media?parent=7234"}],"curies":[{"name":"wp","href":"https:\/\/api.w.org\/{rel}","templated":true}]}}